{"id":876,"date":"2020-08-07T10:39:09","date_gmt":"2020-08-07T08:39:09","guid":{"rendered":"http:\/\/lorrainemw.cluster020.hosting.ovh.net\/?page_id=876"},"modified":"2020-08-07T10:39:09","modified_gmt":"2020-08-07T08:39:09","slug":"vestiaires","status":"publish","type":"page","link":"http:\/\/lorrainemw.cluster020.hosting.ovh.net\/index.php\/vestiaires\/","title":{"rendered":"Vestiaires"},"content":{"rendered":"\n<p>Du casier scolaire visitable, au vestiaire &#8220;gain de place&#8221; en passant par les vestiaires techniques, comme ceux des pompiers ou des industries salissantes, nous vous proposons toute une gamme de produite adapt\u00e9s aux exigences, mais aussi \u00e0 vos coloris et \u00e0 vos go\u00fbts.<\/p>\n\n\n\n<figure class=\"wp-block-gallery columns-3 is-cropped\"><ul class=\"blocks-gallery-grid\"><li class=\"blocks-gallery-item\"><figure><a href=\"http:\/\/lorrainemw.cluster020.hosting.ovh.net\/wp-content\/uploads\/2020\/08\/casiers_eleves_visitables_2.jpg\"><img loading=\"lazy\" width=\"720\" height=\"384\" src=\"http:\/\/lorrainemw.cluster020.hosting.ovh.net\/wp-content\/uploads\/2020\/08\/casiers_eleves_visitables_2.jpg\" alt=\"\" data-id=\"877\" data-link=\"http:\/\/lorrainemw.cluster020.hosting.ovh.net\/?attachment_id=877\" class=\"wp-image-877\" srcset=\"http:\/\/lorrainemw.cluster020.hosting.ovh.net\/wp-content\/uploads\/2020\/08\/casiers_eleves_visitables_2.jpg 720w, http:\/\/lorrainemw.cluster020.hosting.ovh.net\/wp-content\/uploads\/2020\/08\/casiers_eleves_visitables_2-300x160.jpg 300w\" sizes=\"(max-width: 720px) 100vw, 720px\" \/><\/a><\/figure><\/li><li class=\"blocks-gallery-item\"><figure><a href=\"http:\/\/lorrainemw.cluster020.hosting.ovh.net\/wp-content\/uploads\/2020\/08\/armoires_multicases_metal_0.jpg\"><img loading=\"lazy\" width=\"720\" height=\"384\" src=\"http:\/\/lorrainemw.cluster020.hosting.ovh.net\/wp-content\/uploads\/2020\/08\/armoires_multicases_metal_0.jpg\" alt=\"\" data-id=\"880\" data-full-url=\"http:\/\/lorrainemw.cluster020.hosting.ovh.net\/wp-content\/uploads\/2020\/08\/armoires_multicases_metal_0.jpg\" data-link=\"http:\/\/lorrainemw.cluster020.hosting.ovh.net\/?attachment_id=880\" class=\"wp-image-880\" srcset=\"http:\/\/lorrainemw.cluster020.hosting.ovh.net\/wp-content\/uploads\/2020\/08\/armoires_multicases_metal_0.jpg 720w, http:\/\/lorrainemw.cluster020.hosting.ovh.net\/wp-content\/uploads\/2020\/08\/armoires_multicases_metal_0-300x160.jpg 300w\" sizes=\"(max-width: 720px) 100vw, 720px\" \/><\/a><\/figure><\/li><li class=\"blocks-gallery-item\"><figure><a href=\"http:\/\/lorrainemw.cluster020.hosting.ovh.net\/wp-content\/uploads\/2020\/08\/vestiaire_porte_l.jpg\"><img loading=\"lazy\" width=\"320\" height=\"320\" src=\"http:\/\/lorrainemw.cluster020.hosting.ovh.net\/wp-content\/uploads\/2020\/08\/vestiaire_porte_l.jpg\" alt=\"\" data-id=\"879\" data-link=\"http:\/\/lorrainemw.cluster020.hosting.ovh.net\/?attachment_id=879\" class=\"wp-image-879\" srcset=\"http:\/\/lorrainemw.cluster020.hosting.ovh.net\/wp-content\/uploads\/2020\/08\/vestiaire_porte_l.jpg 320w, http:\/\/lorrainemw.cluster020.hosting.ovh.net\/wp-content\/uploads\/2020\/08\/vestiaire_porte_l-300x300.jpg 300w, http:\/\/lorrainemw.cluster020.hosting.ovh.net\/wp-content\/uploads\/2020\/08\/vestiaire_porte_l-150x150.jpg 150w\" sizes=\"(max-width: 320px) 100vw, 320px\" \/><\/a><\/figure><\/li><li class=\"blocks-gallery-item\"><figure><a href=\"http:\/\/lorrainemw.cluster020.hosting.ovh.net\/wp-content\/uploads\/2020\/08\/install_socle_banc_1.jpg\"><img loading=\"lazy\" width=\"720\" height=\"360\" src=\"http:\/\/lorrainemw.cluster020.hosting.ovh.net\/wp-content\/uploads\/2020\/08\/install_socle_banc_1.jpg\" alt=\"\" data-id=\"878\" data-link=\"http:\/\/lorrainemw.cluster020.hosting.ovh.net\/?attachment_id=878\" class=\"wp-image-878\" srcset=\"http:\/\/lorrainemw.cluster020.hosting.ovh.net\/wp-content\/uploads\/2020\/08\/install_socle_banc_1.jpg 720w, http:\/\/lorrainemw.cluster020.hosting.ovh.net\/wp-content\/uploads\/2020\/08\/install_socle_banc_1-300x150.jpg 300w\" sizes=\"(max-width: 720px) 100vw, 720px\" \/><\/a><\/figure><\/li><\/ul><\/figure>\n","protected":false},"excerpt":{"rendered":"<p>Du casier scolaire visitable, au vestiaire &#8220;gain de place&#8221; en passant par les vestiaires techniques, comme ceux des pompiers ou des industries salissantes, nous vous proposons toute une gamme de produite adapt\u00e9s aux exigences, mais aussi \u00e0 vos coloris et \u00e0 vos go\u00fbts.<\/p>\n","protected":false},"author":1,"featured_media":0,"parent":0,"menu_order":0,"comment_status":"closed","ping_status":"closed","template":"page-full-width.php","meta":{"_monsterinsights_skip_tracking":false,"_monsterinsights_sitenote_active":false,"_monsterinsights_sitenote_note":"","_monsterinsights_sitenote_category":0},"_links":{"self":[{"href":"http:\/\/lorrainemw.cluster020.hosting.ovh.net\/index.php\/wp-json\/wp\/v2\/pages\/876"}],"collection":[{"href":"http:\/\/lorrainemw.cluster020.hosting.ovh.net\/index.php\/wp-json\/wp\/v2\/pages"}],"about":[{"href":"http:\/\/lorrainemw.cluster020.hosting.ovh.net\/index.php\/wp-json\/wp\/v2\/types\/page"}],"author":[{"embeddable":true,"href":"http:\/\/lorrainemw.cluster020.hosting.ovh.net\/index.php\/wp-json\/wp\/v2\/users\/1"}],"replies":[{"embeddable":true,"href":"http:\/\/lorrainemw.cluster020.hosting.ovh.net\/index.php\/wp-json\/wp\/v2\/comments?post=876"}],"version-history":[{"count":1,"href":"http:\/\/lorrainemw.cluster020.hosting.ovh.net\/index.php\/wp-json\/wp\/v2\/pages\/876\/revisions"}],"predecessor-version":[{"id":881,"href":"http:\/\/lorrainemw.cluster020.hosting.ovh.net\/index.php\/wp-json\/wp\/v2\/pages\/876\/revisions\/881"}],"wp:attachment":[{"href":"http:\/\/lorrainemw.cluster020.hosting.ovh.net\/index.php\/wp-json\/wp\/v2\/media?parent=876"}],"curies":[{"name":"wp","href":"https:\/\/api.w.org\/{rel}","templated":true}]}}