{"id":855,"date":"2020-08-06T18:10:05","date_gmt":"2020-08-06T16:10:05","guid":{"rendered":"http:\/\/lorrainemw.cluster020.hosting.ovh.net\/?page_id=855"},"modified":"2020-10-14T18:47:49","modified_gmt":"2020-10-14T16:47:49","slug":"gonfle","status":"publish","type":"page","link":"http:\/\/lorrainemw.cluster020.hosting.ovh.net\/index.php\/gonfle\/","title":{"rendered":"Gonfl\u00e9"},"content":{"rendered":"\n<p>L<strong>e nouveau mobilier \u00ab&nbsp;gonfl\u00e9&nbsp;\u00bb, revisite les codes des tendances d\u00e9coratives outdoor\/indoor&nbsp;<\/strong><\/p>\n\n\n\n<figure class=\"wp-block-gallery columns-3 is-cropped\"><ul class=\"blocks-gallery-grid\"><li class=\"blocks-gallery-item\"><figure><a href=\"http:\/\/lorrainemw.cluster020.hosting.ovh.net\/wp-content\/uploads\/2020\/08\/gonfle.jpg\"><img loading=\"lazy\" width=\"1024\" height=\"614\" src=\"http:\/\/lorrainemw.cluster020.hosting.ovh.net\/wp-content\/uploads\/2020\/08\/gonfle-1024x614.jpg\" alt=\"\" data-id=\"856\" data-full-url=\"http:\/\/lorrainemw.cluster020.hosting.ovh.net\/wp-content\/uploads\/2020\/08\/gonfle.jpg\" data-link=\"http:\/\/lorrainemw.cluster020.hosting.ovh.net\/?attachment_id=856\" class=\"wp-image-856\" srcset=\"http:\/\/lorrainemw.cluster020.hosting.ovh.net\/wp-content\/uploads\/2020\/08\/gonfle-1024x614.jpg 1024w, http:\/\/lorrainemw.cluster020.hosting.ovh.net\/wp-content\/uploads\/2020\/08\/gonfle-300x180.jpg 300w, http:\/\/lorrainemw.cluster020.hosting.ovh.net\/wp-content\/uploads\/2020\/08\/gonfle-768x461.jpg 768w, http:\/\/lorrainemw.cluster020.hosting.ovh.net\/wp-content\/uploads\/2020\/08\/gonfle.jpg 1270w\" sizes=\"(max-width: 1024px) 100vw, 1024px\" \/><\/a><\/figure><\/li><li class=\"blocks-gallery-item\"><figure><a href=\"http:\/\/lorrainemw.cluster020.hosting.ovh.net\/wp-content\/uploads\/2020\/08\/gonfle2.png\"><img loading=\"lazy\" width=\"799\" height=\"714\" src=\"http:\/\/lorrainemw.cluster020.hosting.ovh.net\/wp-content\/uploads\/2020\/08\/gonfle2.png\" alt=\"\" data-id=\"857\" data-full-url=\"http:\/\/lorrainemw.cluster020.hosting.ovh.net\/wp-content\/uploads\/2020\/08\/gonfle2.png\" data-link=\"http:\/\/lorrainemw.cluster020.hosting.ovh.net\/?attachment_id=857\" class=\"wp-image-857\" srcset=\"http:\/\/lorrainemw.cluster020.hosting.ovh.net\/wp-content\/uploads\/2020\/08\/gonfle2.png 799w, http:\/\/lorrainemw.cluster020.hosting.ovh.net\/wp-content\/uploads\/2020\/08\/gonfle2-300x268.png 300w, http:\/\/lorrainemw.cluster020.hosting.ovh.net\/wp-content\/uploads\/2020\/08\/gonfle2-768x686.png 768w\" sizes=\"(max-width: 799px) 100vw, 799px\" \/><\/a><\/figure><\/li><li class=\"blocks-gallery-item\"><figure><a href=\"http:\/\/lorrainemw.cluster020.hosting.ovh.net\/wp-content\/uploads\/2020\/08\/gonfle4.jpg\"><img loading=\"lazy\" width=\"1023\" height=\"583\" src=\"http:\/\/lorrainemw.cluster020.hosting.ovh.net\/wp-content\/uploads\/2020\/08\/gonfle4.jpg\" alt=\"\" data-id=\"859\" data-full-url=\"http:\/\/lorrainemw.cluster020.hosting.ovh.net\/wp-content\/uploads\/2020\/08\/gonfle4.jpg\" data-link=\"http:\/\/lorrainemw.cluster020.hosting.ovh.net\/?attachment_id=859\" class=\"wp-image-859\" srcset=\"http:\/\/lorrainemw.cluster020.hosting.ovh.net\/wp-content\/uploads\/2020\/08\/gonfle4.jpg 1023w, http:\/\/lorrainemw.cluster020.hosting.ovh.net\/wp-content\/uploads\/2020\/08\/gonfle4-300x171.jpg 300w, http:\/\/lorrainemw.cluster020.hosting.ovh.net\/wp-content\/uploads\/2020\/08\/gonfle4-768x438.jpg 768w\" sizes=\"(max-width: 1023px) 100vw, 1023px\" \/><\/a><\/figure><\/li><li class=\"blocks-gallery-item\"><figure><a href=\"http:\/\/lorrainemw.cluster020.hosting.ovh.net\/wp-content\/uploads\/2020\/08\/gonfle3.jpg\"><img loading=\"lazy\" width=\"799\" height=\"151\" src=\"http:\/\/lorrainemw.cluster020.hosting.ovh.net\/wp-content\/uploads\/2020\/08\/gonfle3.jpg\" alt=\"\" data-id=\"858\" data-full-url=\"http:\/\/lorrainemw.cluster020.hosting.ovh.net\/wp-content\/uploads\/2020\/08\/gonfle3.jpg\" data-link=\"http:\/\/lorrainemw.cluster020.hosting.ovh.net\/?attachment_id=858\" class=\"wp-image-858\" srcset=\"http:\/\/lorrainemw.cluster020.hosting.ovh.net\/wp-content\/uploads\/2020\/08\/gonfle3.jpg 799w, http:\/\/lorrainemw.cluster020.hosting.ovh.net\/wp-content\/uploads\/2020\/08\/gonfle3-300x57.jpg 300w, http:\/\/lorrainemw.cluster020.hosting.ovh.net\/wp-content\/uploads\/2020\/08\/gonfle3-768x145.jpg 768w\" sizes=\"(max-width: 799px) 100vw, 799px\" \/><\/a><\/figure><\/li><\/ul><\/figure>\n\n\n\n<h2>Encore plus gonfl\u00e9<\/h2>\n\n\n\n<p>Vous pouvez customiser vos produits, ou si vous avez un projet particulier , les commander \u00e0 votre gout, \u00e0 vos mesures, avec votre communication<\/p>\n\n\n\n<figure class=\"wp-block-gallery columns-1 is-cropped\"><ul class=\"blocks-gallery-grid\"><li class=\"blocks-gallery-item\"><figure><a href=\"http:\/\/lorrainemw.cluster020.hosting.ovh.net\/wp-content\/uploads\/2020\/10\/mojow3-3.jpg\"><img loading=\"lazy\" width=\"1024\" height=\"563\" src=\"http:\/\/lorrainemw.cluster020.hosting.ovh.net\/wp-content\/uploads\/2020\/10\/mojow3-3-1024x563.jpg\" alt=\"\" data-id=\"967\" data-full-url=\"http:\/\/lorrainemw.cluster020.hosting.ovh.net\/wp-content\/uploads\/2020\/10\/mojow3-3.jpg\" data-link=\"http:\/\/lorrainemw.cluster020.hosting.ovh.net\/index.php\/gonfle\/mojow3-3\/\" class=\"wp-image-967\" srcset=\"http:\/\/lorrainemw.cluster020.hosting.ovh.net\/wp-content\/uploads\/2020\/10\/mojow3-3-1024x563.jpg 1024w, http:\/\/lorrainemw.cluster020.hosting.ovh.net\/wp-content\/uploads\/2020\/10\/mojow3-3-300x165.jpg 300w, http:\/\/lorrainemw.cluster020.hosting.ovh.net\/wp-content\/uploads\/2020\/10\/mojow3-3-768x422.jpg 768w, http:\/\/lorrainemw.cluster020.hosting.ovh.net\/wp-content\/uploads\/2020\/10\/mojow3-3.jpg 1214w\" sizes=\"(max-width: 1024px) 100vw, 1024px\" \/><\/a><\/figure><\/li><\/ul><\/figure>\n\n\n\n<p>Ou alors choisir dans nos nouveaut\u00e9s : toujours plus cosy, plus tech, plus tendance<\/p>\n\n\n\n<figure class=\"wp-block-gallery columns-1 is-cropped\"><ul class=\"blocks-gallery-grid\"><li class=\"blocks-gallery-item\"><figure><a href=\"http:\/\/lorrainemw.cluster020.hosting.ovh.net\/wp-content\/uploads\/2020\/10\/mojow1.jpg\"><img loading=\"lazy\" width=\"538\" height=\"364\" src=\"http:\/\/lorrainemw.cluster020.hosting.ovh.net\/wp-content\/uploads\/2020\/10\/mojow1.jpg\" alt=\"\" data-id=\"960\" data-link=\"http:\/\/lorrainemw.cluster020.hosting.ovh.net\/index.php\/gonfle\/mojow1\/\" class=\"wp-image-960\" srcset=\"http:\/\/lorrainemw.cluster020.hosting.ovh.net\/wp-content\/uploads\/2020\/10\/mojow1.jpg 538w, http:\/\/lorrainemw.cluster020.hosting.ovh.net\/wp-content\/uploads\/2020\/10\/mojow1-300x203.jpg 300w\" sizes=\"(max-width: 538px) 100vw, 538px\" \/><\/a><\/figure><\/li><\/ul><\/figure>\n\n\n\n<figure class=\"wp-block-gallery columns-1 is-cropped\"><ul class=\"blocks-gallery-grid\"><li class=\"blocks-gallery-item\"><figure><a href=\"http:\/\/lorrainemw.cluster020.hosting.ovh.net\/wp-content\/uploads\/2020\/10\/mojow3-1.jpg\"><img loading=\"lazy\" width=\"1024\" height=\"609\" src=\"http:\/\/lorrainemw.cluster020.hosting.ovh.net\/wp-content\/uploads\/2020\/10\/mojow3-1-1024x609.jpg\" alt=\"\" data-id=\"962\" data-full-url=\"http:\/\/lorrainemw.cluster020.hosting.ovh.net\/wp-content\/uploads\/2020\/10\/mojow3-1.jpg\" data-link=\"http:\/\/lorrainemw.cluster020.hosting.ovh.net\/index.php\/gonfle\/mojow3-1\/\" class=\"wp-image-962\" srcset=\"http:\/\/lorrainemw.cluster020.hosting.ovh.net\/wp-content\/uploads\/2020\/10\/mojow3-1-1024x609.jpg 1024w, http:\/\/lorrainemw.cluster020.hosting.ovh.net\/wp-content\/uploads\/2020\/10\/mojow3-1-300x179.jpg 300w, http:\/\/lorrainemw.cluster020.hosting.ovh.net\/wp-content\/uploads\/2020\/10\/mojow3-1-768x457.jpg 768w, http:\/\/lorrainemw.cluster020.hosting.ovh.net\/wp-content\/uploads\/2020\/10\/mojow3-1.jpg 1114w\" sizes=\"(max-width: 1024px) 100vw, 1024px\" \/><\/a><\/figure><\/li><\/ul><\/figure>\n","protected":false},"excerpt":{"rendered":"<p>Le nouveau mobilier \u00ab&nbsp;gonfl\u00e9&nbsp;\u00bb, revisite les codes des tendances d\u00e9coratives outdoor\/indoor&nbsp; Encore plus gonfl\u00e9 Vous pouvez customiser vos produits, ou si vous avez un projet particulier , les commander \u00e0 votre gout, \u00e0 vos mesures, avec votre communication Ou alors choisir dans nos nouveaut\u00e9s : toujours plus cosy, plus tech, plus tendance<\/p>\n","protected":false},"author":1,"featured_media":0,"parent":0,"menu_order":0,"comment_status":"closed","ping_status":"closed","template":"page-full-width.php","meta":{"_monsterinsights_skip_tracking":false,"_monsterinsights_sitenote_active":false,"_monsterinsights_sitenote_note":"","_monsterinsights_sitenote_category":0},"_links":{"self":[{"href":"http:\/\/lorrainemw.cluster020.hosting.ovh.net\/index.php\/wp-json\/wp\/v2\/pages\/855"}],"collection":[{"href":"http:\/\/lorrainemw.cluster020.hosting.ovh.net\/index.php\/wp-json\/wp\/v2\/pages"}],"about":[{"href":"http:\/\/lorrainemw.cluster020.hosting.ovh.net\/index.php\/wp-json\/wp\/v2\/types\/page"}],"author":[{"embeddable":true,"href":"http:\/\/lorrainemw.cluster020.hosting.ovh.net\/index.php\/wp-json\/wp\/v2\/users\/1"}],"replies":[{"embeddable":true,"href":"http:\/\/lorrainemw.cluster020.hosting.ovh.net\/index.php\/wp-json\/wp\/v2\/comments?post=855"}],"version-history":[{"count":4,"href":"http:\/\/lorrainemw.cluster020.hosting.ovh.net\/index.php\/wp-json\/wp\/v2\/pages\/855\/revisions"}],"predecessor-version":[{"id":968,"href":"http:\/\/lorrainemw.cluster020.hosting.ovh.net\/index.php\/wp-json\/wp\/v2\/pages\/855\/revisions\/968"}],"wp:attachment":[{"href":"http:\/\/lorrainemw.cluster020.hosting.ovh.net\/index.php\/wp-json\/wp\/v2\/media?parent=855"}],"curies":[{"name":"wp","href":"https:\/\/api.w.org\/{rel}","templated":true}]}}