{"id":802,"date":"2020-08-06T17:19:04","date_gmt":"2020-08-06T15:19:04","guid":{"rendered":"http:\/\/lorrainemw.cluster020.hosting.ovh.net\/?page_id=802"},"modified":"2021-08-17T17:09:12","modified_gmt":"2021-08-17T15:09:12","slug":"mobilier-scolaire","status":"publish","type":"page","link":"http:\/\/lorrainemw.cluster020.hosting.ovh.net\/index.php\/mobilier-scolaire\/","title":{"rendered":"Mobilier Scolaire"},"content":{"rendered":"\n<h4>De la maternelle \u00e0 l&#8217;universit\u00e9, de la petite enfance \u00e0 la formation pour adultes<\/h4>\n\n\n\n<figure class=\"wp-block-gallery columns-3 is-cropped\"><ul class=\"blocks-gallery-grid\"><li class=\"blocks-gallery-item\"><figure><a href=\"http:\/\/lorrainemw.cluster020.hosting.ovh.net\/wp-content\/uploads\/2020\/08\/dpc-2-1024x1024.jpg\"><img loading=\"lazy\" width=\"1024\" height=\"1024\" src=\"http:\/\/lorrainemw.cluster020.hosting.ovh.net\/wp-content\/uploads\/2020\/08\/dpc-2-1024x1024.jpg\" alt=\"\" data-id=\"803\" data-link=\"http:\/\/lorrainemw.cluster020.hosting.ovh.net\/?attachment_id=803\" class=\"wp-image-803\" srcset=\"http:\/\/lorrainemw.cluster020.hosting.ovh.net\/wp-content\/uploads\/2020\/08\/dpc-2.jpg 1024w, http:\/\/lorrainemw.cluster020.hosting.ovh.net\/wp-content\/uploads\/2020\/08\/dpc-2-300x300.jpg 300w, http:\/\/lorrainemw.cluster020.hosting.ovh.net\/wp-content\/uploads\/2020\/08\/dpc-2-150x150.jpg 150w, http:\/\/lorrainemw.cluster020.hosting.ovh.net\/wp-content\/uploads\/2020\/08\/dpc-2-768x768.jpg 768w\" sizes=\"(max-width: 1024px) 100vw, 1024px\" \/><\/a><\/figure><\/li><li class=\"blocks-gallery-item\"><figure><a href=\"http:\/\/lorrainemw.cluster020.hosting.ovh.net\/wp-content\/uploads\/2020\/08\/\u00e9cole-1.jpg\"><img loading=\"lazy\" width=\"599\" height=\"645\" src=\"http:\/\/lorrainemw.cluster020.hosting.ovh.net\/wp-content\/uploads\/2020\/08\/\u00e9cole-1.jpg\" alt=\"\" data-id=\"804\" data-link=\"http:\/\/lorrainemw.cluster020.hosting.ovh.net\/?attachment_id=804\" class=\"wp-image-804\" srcset=\"http:\/\/lorrainemw.cluster020.hosting.ovh.net\/wp-content\/uploads\/2020\/08\/\u00e9cole-1.jpg 599w, http:\/\/lorrainemw.cluster020.hosting.ovh.net\/wp-content\/uploads\/2020\/08\/\u00e9cole-1-279x300.jpg 279w\" sizes=\"(max-width: 599px) 100vw, 599px\" \/><\/a><\/figure><\/li><li class=\"blocks-gallery-item\"><figure><a href=\"http:\/\/lorrainemw.cluster020.hosting.ovh.net\/wp-content\/uploads\/2020\/08\/dpc7.jpg\"><img loading=\"lazy\" width=\"1024\" height=\"695\" src=\"http:\/\/lorrainemw.cluster020.hosting.ovh.net\/wp-content\/uploads\/2020\/08\/dpc7-1024x695.jpg\" alt=\"\" data-id=\"806\" data-full-url=\"http:\/\/lorrainemw.cluster020.hosting.ovh.net\/wp-content\/uploads\/2020\/08\/dpc7.jpg\" data-link=\"http:\/\/lorrainemw.cluster020.hosting.ovh.net\/?attachment_id=806\" class=\"wp-image-806\" srcset=\"http:\/\/lorrainemw.cluster020.hosting.ovh.net\/wp-content\/uploads\/2020\/08\/dpc7-1024x695.jpg 1024w, http:\/\/lorrainemw.cluster020.hosting.ovh.net\/wp-content\/uploads\/2020\/08\/dpc7-300x204.jpg 300w, http:\/\/lorrainemw.cluster020.hosting.ovh.net\/wp-content\/uploads\/2020\/08\/dpc7-768x521.jpg 768w, http:\/\/lorrainemw.cluster020.hosting.ovh.net\/wp-content\/uploads\/2020\/08\/dpc7-1536x1043.jpg 1536w, http:\/\/lorrainemw.cluster020.hosting.ovh.net\/wp-content\/uploads\/2020\/08\/dpc7.jpg 1600w\" sizes=\"(max-width: 1024px) 100vw, 1024px\" \/><\/a><\/figure><\/li><\/ul><\/figure>\n\n\n\n<figure class=\"wp-block-gallery columns-3 is-cropped\"><ul class=\"blocks-gallery-grid\"><li class=\"blocks-gallery-item\"><figure><a href=\"http:\/\/lorrainemw.cluster020.hosting.ovh.net\/wp-content\/uploads\/2020\/10\/amphi-bleu-1.jpg\"><img loading=\"lazy\" width=\"663\" height=\"543\" src=\"http:\/\/lorrainemw.cluster020.hosting.ovh.net\/wp-content\/uploads\/2020\/10\/amphi-bleu-1.jpg\" alt=\"\" data-id=\"981\" data-link=\"http:\/\/lorrainemw.cluster020.hosting.ovh.net\/index.php\/mobilier-scolaire\/amphi-bleu-1\/\" class=\"wp-image-981\" srcset=\"http:\/\/lorrainemw.cluster020.hosting.ovh.net\/wp-content\/uploads\/2020\/10\/amphi-bleu-1.jpg 663w, http:\/\/lorrainemw.cluster020.hosting.ovh.net\/wp-content\/uploads\/2020\/10\/amphi-bleu-1-300x246.jpg 300w\" sizes=\"(max-width: 663px) 100vw, 663px\" \/><\/a><\/figure><\/li><li class=\"blocks-gallery-item\"><figure><a href=\"http:\/\/lorrainemw.cluster020.hosting.ovh.net\/wp-content\/uploads\/2020\/10\/slide_reception_04.jpg\"><img loading=\"lazy\" width=\"950\" height=\"550\" src=\"http:\/\/lorrainemw.cluster020.hosting.ovh.net\/wp-content\/uploads\/2020\/10\/slide_reception_04.jpg\" alt=\"\" data-id=\"983\" data-full-url=\"http:\/\/lorrainemw.cluster020.hosting.ovh.net\/wp-content\/uploads\/2020\/10\/slide_reception_04.jpg\" data-link=\"http:\/\/lorrainemw.cluster020.hosting.ovh.net\/index.php\/mobilier-scolaire\/slide_reception_04\/\" class=\"wp-image-983\" srcset=\"http:\/\/lorrainemw.cluster020.hosting.ovh.net\/wp-content\/uploads\/2020\/10\/slide_reception_04.jpg 950w, http:\/\/lorrainemw.cluster020.hosting.ovh.net\/wp-content\/uploads\/2020\/10\/slide_reception_04-300x174.jpg 300w, http:\/\/lorrainemw.cluster020.hosting.ovh.net\/wp-content\/uploads\/2020\/10\/slide_reception_04-768x445.jpg 768w\" sizes=\"(max-width: 950px) 100vw, 950px\" \/><\/a><\/figure><\/li><li class=\"blocks-gallery-item\"><figure><a href=\"http:\/\/lorrainemw.cluster020.hosting.ovh.net\/wp-content\/uploads\/2020\/10\/amphi-courbe.jpg\"><img loading=\"lazy\" width=\"908\" height=\"478\" src=\"http:\/\/lorrainemw.cluster020.hosting.ovh.net\/wp-content\/uploads\/2020\/10\/amphi-courbe.jpg\" alt=\"\" data-id=\"982\" data-link=\"http:\/\/lorrainemw.cluster020.hosting.ovh.net\/index.php\/mobilier-scolaire\/amphi-courbe\/\" class=\"wp-image-982\" srcset=\"http:\/\/lorrainemw.cluster020.hosting.ovh.net\/wp-content\/uploads\/2020\/10\/amphi-courbe.jpg 908w, http:\/\/lorrainemw.cluster020.hosting.ovh.net\/wp-content\/uploads\/2020\/10\/amphi-courbe-300x158.jpg 300w, http:\/\/lorrainemw.cluster020.hosting.ovh.net\/wp-content\/uploads\/2020\/10\/amphi-courbe-768x404.jpg 768w\" sizes=\"(max-width: 908px) 100vw, 908px\" \/><\/a><\/figure><\/li><\/ul><\/figure>\n\n\n\n<p><\/p>\n\n\n\n<p>Nous vous proposons une large gamme de meubles sp\u00e9cialement pens\u00e9s et con\u00e7us pour r\u00e9pondre \u00e0 vos besoins et attentes.&nbsp; la maternelle, l\u2019h\u00e9bergement, la restauration, l\u2019accueil\u2026 Chaque projet est \u00e9tudi\u00e9 de fa\u00e7on \u00e0 respecter parfaitement votre cahier des charges, vous proposant ainsi les solutions les plus adapt\u00e9es \u00e0 vos besoins.<\/p>\n\n\n\n<h2>Maternelle<\/h2>\n\n\n\n<figure class=\"wp-block-gallery columns-3 is-cropped\"><ul class=\"blocks-gallery-grid\"><li class=\"blocks-gallery-item\"><figure><a href=\"http:\/\/lorrainemw.cluster020.hosting.ovh.net\/wp-content\/uploads\/2020\/08\/maternelle.jpg\"><img loading=\"lazy\" width=\"604\" height=\"600\" src=\"http:\/\/lorrainemw.cluster020.hosting.ovh.net\/wp-content\/uploads\/2020\/08\/maternelle.jpg\" alt=\"\" data-id=\"807\" data-link=\"http:\/\/lorrainemw.cluster020.hosting.ovh.net\/?attachment_id=807\" class=\"wp-image-807\" srcset=\"http:\/\/lorrainemw.cluster020.hosting.ovh.net\/wp-content\/uploads\/2020\/08\/maternelle.jpg 604w, http:\/\/lorrainemw.cluster020.hosting.ovh.net\/wp-content\/uploads\/2020\/08\/maternelle-300x298.jpg 300w, http:\/\/lorrainemw.cluster020.hosting.ovh.net\/wp-content\/uploads\/2020\/08\/maternelle-150x150.jpg 150w\" sizes=\"(max-width: 604px) 100vw, 604px\" \/><\/a><\/figure><\/li><li class=\"blocks-gallery-item\"><figure><a href=\"http:\/\/lorrainemw.cluster020.hosting.ovh.net\/wp-content\/uploads\/2020\/08\/maternelle-2.jpg\"><img loading=\"lazy\" width=\"604\" height=\"630\" src=\"http:\/\/lorrainemw.cluster020.hosting.ovh.net\/wp-content\/uploads\/2020\/08\/maternelle-2.jpg\" alt=\"\" data-id=\"808\" data-link=\"http:\/\/lorrainemw.cluster020.hosting.ovh.net\/?attachment_id=808\" class=\"wp-image-808\" srcset=\"http:\/\/lorrainemw.cluster020.hosting.ovh.net\/wp-content\/uploads\/2020\/08\/maternelle-2.jpg 604w, http:\/\/lorrainemw.cluster020.hosting.ovh.net\/wp-content\/uploads\/2020\/08\/maternelle-2-288x300.jpg 288w\" sizes=\"(max-width: 604px) 100vw, 604px\" \/><\/a><\/figure><\/li><li class=\"blocks-gallery-item\"><figure><a href=\"http:\/\/lorrainemw.cluster020.hosting.ovh.net\/wp-content\/uploads\/2020\/08\/maternelle-3.jpg\"><img loading=\"lazy\" width=\"604\" height=\"654\" src=\"http:\/\/lorrainemw.cluster020.hosting.ovh.net\/wp-content\/uploads\/2020\/08\/maternelle-3.jpg\" alt=\"\" data-id=\"809\" data-full-url=\"http:\/\/lorrainemw.cluster020.hosting.ovh.net\/wp-content\/uploads\/2020\/08\/maternelle-3.jpg\" data-link=\"http:\/\/lorrainemw.cluster020.hosting.ovh.net\/?attachment_id=809\" class=\"wp-image-809\" srcset=\"http:\/\/lorrainemw.cluster020.hosting.ovh.net\/wp-content\/uploads\/2020\/08\/maternelle-3.jpg 604w, http:\/\/lorrainemw.cluster020.hosting.ovh.net\/wp-content\/uploads\/2020\/08\/maternelle-3-277x300.jpg 277w\" sizes=\"(max-width: 604px) 100vw, 604px\" \/><\/a><\/figure><\/li><\/ul><\/figure>\n","protected":false},"excerpt":{"rendered":"<p>De la maternelle \u00e0 l&#8217;universit\u00e9, de la petite enfance \u00e0 la formation pour adultes Nous vous proposons une large gamme de meubles sp\u00e9cialement pens\u00e9s et con\u00e7us pour r\u00e9pondre \u00e0 vos besoins et attentes.&nbsp; la maternelle, l\u2019h\u00e9bergement, la restauration, l\u2019accueil\u2026 Chaque projet est \u00e9tudi\u00e9 de fa\u00e7on \u00e0 respecter parfaitement votre cahier des charges, vous proposant ainsi [&hellip;]<\/p>\n","protected":false},"author":1,"featured_media":0,"parent":0,"menu_order":0,"comment_status":"closed","ping_status":"closed","template":"page-full-width.php","meta":{"_monsterinsights_skip_tracking":false,"_monsterinsights_sitenote_active":false,"_monsterinsights_sitenote_note":"","_monsterinsights_sitenote_category":0},"_links":{"self":[{"href":"http:\/\/lorrainemw.cluster020.hosting.ovh.net\/index.php\/wp-json\/wp\/v2\/pages\/802"}],"collection":[{"href":"http:\/\/lorrainemw.cluster020.hosting.ovh.net\/index.php\/wp-json\/wp\/v2\/pages"}],"about":[{"href":"http:\/\/lorrainemw.cluster020.hosting.ovh.net\/index.php\/wp-json\/wp\/v2\/types\/page"}],"author":[{"embeddable":true,"href":"http:\/\/lorrainemw.cluster020.hosting.ovh.net\/index.php\/wp-json\/wp\/v2\/users\/1"}],"replies":[{"embeddable":true,"href":"http:\/\/lorrainemw.cluster020.hosting.ovh.net\/index.php\/wp-json\/wp\/v2\/comments?post=802"}],"version-history":[{"count":3,"href":"http:\/\/lorrainemw.cluster020.hosting.ovh.net\/index.php\/wp-json\/wp\/v2\/pages\/802\/revisions"}],"predecessor-version":[{"id":1170,"href":"http:\/\/lorrainemw.cluster020.hosting.ovh.net\/index.php\/wp-json\/wp\/v2\/pages\/802\/revisions\/1170"}],"wp:attachment":[{"href":"http:\/\/lorrainemw.cluster020.hosting.ovh.net\/index.php\/wp-json\/wp\/v2\/media?parent=802"}],"curies":[{"name":"wp","href":"https:\/\/api.w.org\/{rel}","templated":true}]}}