{"id":665,"date":"2020-07-31T16:11:11","date_gmt":"2020-07-31T14:11:11","guid":{"rendered":"http:\/\/lorrainemw.cluster020.hosting.ovh.net\/?page_id=665"},"modified":"2020-07-31T16:11:11","modified_gmt":"2020-07-31T14:11:11","slug":"le-coin-terrasse","status":"publish","type":"page","link":"http:\/\/lorrainemw.cluster020.hosting.ovh.net\/index.php\/le-coin-terrasse\/","title":{"rendered":"Le coin terrasse"},"content":{"rendered":"\n<p><strong>LA TERRASSE AU BUREAU PROMESSE DE D\u00c9TENTE ET DE BIEN-\u00caTRE<\/strong><\/p>\n\n\n\n<p>Une succession de lieux tout aussi inspirants qu\u2019inspir\u00e9s pouvant donner un nouveau souffle aux entreprises qui souhaitent d\u00e9velopper\u00a0<strong>le bien-\u00eatre de leurs salari\u00e9s<\/strong><\/p>\n\n\n\n<figure class=\"wp-block-gallery columns-2 is-cropped\"><ul class=\"blocks-gallery-grid\"><li class=\"blocks-gallery-item\"><figure><a href=\"http:\/\/lorrainemw.cluster020.hosting.ovh.net\/wp-content\/uploads\/2020\/07\/amenagement-moderne-toit-terrasse-balcon-parisien.jpg\"><img loading=\"lazy\" width=\"1024\" height=\"682\" src=\"http:\/\/lorrainemw.cluster020.hosting.ovh.net\/wp-content\/uploads\/2020\/07\/amenagement-moderne-toit-terrasse-balcon-parisien.jpg\" alt=\"\" data-id=\"666\" data-link=\"http:\/\/lorrainemw.cluster020.hosting.ovh.net\/?attachment_id=666\" class=\"wp-image-666\" srcset=\"http:\/\/lorrainemw.cluster020.hosting.ovh.net\/wp-content\/uploads\/2020\/07\/amenagement-moderne-toit-terrasse-balcon-parisien.jpg 1024w, http:\/\/lorrainemw.cluster020.hosting.ovh.net\/wp-content\/uploads\/2020\/07\/amenagement-moderne-toit-terrasse-balcon-parisien-300x200.jpg 300w, http:\/\/lorrainemw.cluster020.hosting.ovh.net\/wp-content\/uploads\/2020\/07\/amenagement-moderne-toit-terrasse-balcon-parisien-768x512.jpg 768w\" sizes=\"(max-width: 1024px) 100vw, 1024px\" \/><\/a><\/figure><\/li><li class=\"blocks-gallery-item\"><figure><a href=\"http:\/\/lorrainemw.cluster020.hosting.ovh.net\/wp-content\/uploads\/2020\/07\/amenagement-terrasse-vegetalisee-au-bureau-wifi-1024x683-1.jpg\"><img loading=\"lazy\" width=\"1024\" height=\"683\" src=\"http:\/\/lorrainemw.cluster020.hosting.ovh.net\/wp-content\/uploads\/2020\/07\/amenagement-terrasse-vegetalisee-au-bureau-wifi-1024x683-1.jpg\" alt=\"\" data-id=\"667\" data-full-url=\"http:\/\/lorrainemw.cluster020.hosting.ovh.net\/wp-content\/uploads\/2020\/07\/amenagement-terrasse-vegetalisee-au-bureau-wifi-1024x683-1.jpg\" data-link=\"http:\/\/lorrainemw.cluster020.hosting.ovh.net\/?attachment_id=667\" class=\"wp-image-667\" srcset=\"http:\/\/lorrainemw.cluster020.hosting.ovh.net\/wp-content\/uploads\/2020\/07\/amenagement-terrasse-vegetalisee-au-bureau-wifi-1024x683-1.jpg 1024w, http:\/\/lorrainemw.cluster020.hosting.ovh.net\/wp-content\/uploads\/2020\/07\/amenagement-terrasse-vegetalisee-au-bureau-wifi-1024x683-1-300x200.jpg 300w, http:\/\/lorrainemw.cluster020.hosting.ovh.net\/wp-content\/uploads\/2020\/07\/amenagement-terrasse-vegetalisee-au-bureau-wifi-1024x683-1-768x512.jpg 768w\" sizes=\"(max-width: 1024px) 100vw, 1024px\" \/><\/a><\/figure><\/li><\/ul><\/figure>\n\n\n\n<p>Le sujet est d\u2019actualit\u00e9, pensez vous\u00a0? Oui, mais pas seulement, il s\u2019agit ici, de rendre visible une tendance de fond qui est dans la mouvance du bien-\u00eatre et d\u2019un meilleur ressenti dans les espaces de travail. <strong>Alors, pourquoi pas \u00e0 l\u2019ext\u00e9rieur du b\u00e2timent m\u00eame de son lieu de travail\u00a0?<\/strong><\/p>\n","protected":false},"excerpt":{"rendered":"<p>LA TERRASSE AU BUREAU PROMESSE DE D\u00c9TENTE ET DE BIEN-\u00caTRE Une succession de lieux tout aussi inspirants qu\u2019inspir\u00e9s pouvant donner un nouveau souffle aux entreprises qui souhaitent d\u00e9velopper\u00a0le bien-\u00eatre de leurs salari\u00e9s Le sujet est d\u2019actualit\u00e9, pensez vous\u00a0? Oui, mais pas seulement, il s\u2019agit ici, de rendre visible une tendance de fond qui est dans [&hellip;]<\/p>\n","protected":false},"author":1,"featured_media":0,"parent":0,"menu_order":0,"comment_status":"closed","ping_status":"closed","template":"page-full-width.php","meta":{"_monsterinsights_skip_tracking":false,"_monsterinsights_sitenote_active":false,"_monsterinsights_sitenote_note":"","_monsterinsights_sitenote_category":0},"_links":{"self":[{"href":"http:\/\/lorrainemw.cluster020.hosting.ovh.net\/index.php\/wp-json\/wp\/v2\/pages\/665"}],"collection":[{"href":"http:\/\/lorrainemw.cluster020.hosting.ovh.net\/index.php\/wp-json\/wp\/v2\/pages"}],"about":[{"href":"http:\/\/lorrainemw.cluster020.hosting.ovh.net\/index.php\/wp-json\/wp\/v2\/types\/page"}],"author":[{"embeddable":true,"href":"http:\/\/lorrainemw.cluster020.hosting.ovh.net\/index.php\/wp-json\/wp\/v2\/users\/1"}],"replies":[{"embeddable":true,"href":"http:\/\/lorrainemw.cluster020.hosting.ovh.net\/index.php\/wp-json\/wp\/v2\/comments?post=665"}],"version-history":[{"count":1,"href":"http:\/\/lorrainemw.cluster020.hosting.ovh.net\/index.php\/wp-json\/wp\/v2\/pages\/665\/revisions"}],"predecessor-version":[{"id":668,"href":"http:\/\/lorrainemw.cluster020.hosting.ovh.net\/index.php\/wp-json\/wp\/v2\/pages\/665\/revisions\/668"}],"wp:attachment":[{"href":"http:\/\/lorrainemw.cluster020.hosting.ovh.net\/index.php\/wp-json\/wp\/v2\/media?parent=665"}],"curies":[{"name":"wp","href":"https:\/\/api.w.org\/{rel}","templated":true}]}}