{"id":611,"date":"2020-07-17T13:22:18","date_gmt":"2020-07-17T11:22:18","guid":{"rendered":"http:\/\/lorrainemw.cluster020.hosting.ovh.net\/?page_id=611"},"modified":"2020-08-07T11:01:47","modified_gmt":"2020-08-07T09:01:47","slug":"le-coin-cuisine","status":"publish","type":"page","link":"http:\/\/lorrainemw.cluster020.hosting.ovh.net\/index.php\/le-coin-cuisine\/","title":{"rendered":"Le coin cuisine"},"content":{"rendered":"\n<p><span class=\"has-inline-color has-luminous-vivid-amber-color\">ESPACES ET DESIGN<\/span><br>\u00c0 ce stade, il est naturel de demander \u00e0 quoi devrait ressembler une zone de rupture. Les \u00e9l\u00e9ments \u00e0 ne pas manquer sont une petite cuisine \u00e9quip\u00e9e, des tables basses, une table spacieuse, des tabourets hauts et quelques canap\u00e9s.<\/p>\n\n\n\n<figure class=\"wp-block-gallery columns-3 is-cropped\"><ul class=\"blocks-gallery-grid\"><li class=\"blocks-gallery-item\"><figure><a href=\"http:\/\/lorrainemw.cluster020.hosting.ovh.net\/wp-content\/uploads\/2020\/07\/DOMOMAG-2-1-1024x724.jpg\"><img loading=\"lazy\" width=\"1024\" height=\"724\" src=\"http:\/\/lorrainemw.cluster020.hosting.ovh.net\/wp-content\/uploads\/2020\/07\/DOMOMAG-2-1-1024x724.jpg\" alt=\"\" data-id=\"616\" data-link=\"http:\/\/lorrainemw.cluster020.hosting.ovh.net\/?attachment_id=616\" class=\"wp-image-616\" srcset=\"http:\/\/lorrainemw.cluster020.hosting.ovh.net\/wp-content\/uploads\/2020\/07\/DOMOMAG-2-1-1024x724.jpg 1024w, http:\/\/lorrainemw.cluster020.hosting.ovh.net\/wp-content\/uploads\/2020\/07\/DOMOMAG-2-1-300x212.jpg 300w, http:\/\/lorrainemw.cluster020.hosting.ovh.net\/wp-content\/uploads\/2020\/07\/DOMOMAG-2-1-768x543.jpg 768w, http:\/\/lorrainemw.cluster020.hosting.ovh.net\/wp-content\/uploads\/2020\/07\/DOMOMAG-2-1-1536x1086.jpg 1536w, http:\/\/lorrainemw.cluster020.hosting.ovh.net\/wp-content\/uploads\/2020\/07\/DOMOMAG-2-1-2048x1448.jpg 2048w\" sizes=\"(max-width: 1024px) 100vw, 1024px\" \/><\/a><\/figure><\/li><li class=\"blocks-gallery-item\"><figure><a href=\"http:\/\/lorrainemw.cluster020.hosting.ovh.net\/wp-content\/uploads\/2020\/08\/midj-nene-quadrato-2-1.jpg\"><img loading=\"lazy\" width=\"1024\" height=\"716\" src=\"http:\/\/lorrainemw.cluster020.hosting.ovh.net\/wp-content\/uploads\/2020\/08\/midj-nene-quadrato-2-1-1024x716.jpg\" alt=\"\" data-id=\"901\" data-full-url=\"http:\/\/lorrainemw.cluster020.hosting.ovh.net\/wp-content\/uploads\/2020\/08\/midj-nene-quadrato-2-1.jpg\" data-link=\"http:\/\/lorrainemw.cluster020.hosting.ovh.net\/index.php\/le-coin-cuisine\/midj-nene-quadrato-2-1\/\" class=\"wp-image-901\" srcset=\"http:\/\/lorrainemw.cluster020.hosting.ovh.net\/wp-content\/uploads\/2020\/08\/midj-nene-quadrato-2-1-1024x716.jpg 1024w, http:\/\/lorrainemw.cluster020.hosting.ovh.net\/wp-content\/uploads\/2020\/08\/midj-nene-quadrato-2-1-300x210.jpg 300w, http:\/\/lorrainemw.cluster020.hosting.ovh.net\/wp-content\/uploads\/2020\/08\/midj-nene-quadrato-2-1-768x537.jpg 768w, http:\/\/lorrainemw.cluster020.hosting.ovh.net\/wp-content\/uploads\/2020\/08\/midj-nene-quadrato-2-1.jpg 1400w\" sizes=\"(max-width: 1024px) 100vw, 1024px\" \/><\/a><\/figure><\/li><li class=\"blocks-gallery-item\"><figure><a href=\"http:\/\/lorrainemw.cluster020.hosting.ovh.net\/wp-content\/uploads\/2020\/08\/CAT01-1024x576.jpg\"><img loading=\"lazy\" width=\"1024\" height=\"576\" src=\"http:\/\/lorrainemw.cluster020.hosting.ovh.net\/wp-content\/uploads\/2020\/08\/CAT01-1024x576.jpg\" alt=\"\" data-id=\"900\" data-link=\"http:\/\/lorrainemw.cluster020.hosting.ovh.net\/index.php\/le-coin-cuisine\/cat01-2\/\" class=\"wp-image-900\" srcset=\"http:\/\/lorrainemw.cluster020.hosting.ovh.net\/wp-content\/uploads\/2020\/08\/CAT01-1024x576.jpg 1024w, http:\/\/lorrainemw.cluster020.hosting.ovh.net\/wp-content\/uploads\/2020\/08\/CAT01-300x169.jpg 300w, http:\/\/lorrainemw.cluster020.hosting.ovh.net\/wp-content\/uploads\/2020\/08\/CAT01-768x432.jpg 768w, http:\/\/lorrainemw.cluster020.hosting.ovh.net\/wp-content\/uploads\/2020\/08\/CAT01.jpg 1400w\" sizes=\"(max-width: 1024px) 100vw, 1024px\" \/><\/a><\/figure><\/li><li class=\"blocks-gallery-item\"><figure><a href=\"http:\/\/lorrainemw.cluster020.hosting.ovh.net\/wp-content\/uploads\/2020\/08\/kitchenette-bureau-donomag-bralco-1-1024x759.jpg\"><img loading=\"lazy\" width=\"1024\" height=\"759\" src=\"http:\/\/lorrainemw.cluster020.hosting.ovh.net\/wp-content\/uploads\/2020\/08\/kitchenette-bureau-donomag-bralco-1-1024x759.jpg\" alt=\"\" data-id=\"899\" data-link=\"http:\/\/lorrainemw.cluster020.hosting.ovh.net\/index.php\/le-coin-cuisine\/kitchenette-bureau-donomag-bralco-1\/\" class=\"wp-image-899\" srcset=\"http:\/\/lorrainemw.cluster020.hosting.ovh.net\/wp-content\/uploads\/2020\/08\/kitchenette-bureau-donomag-bralco-1-1024x759.jpg 1024w, http:\/\/lorrainemw.cluster020.hosting.ovh.net\/wp-content\/uploads\/2020\/08\/kitchenette-bureau-donomag-bralco-1-300x222.jpg 300w, http:\/\/lorrainemw.cluster020.hosting.ovh.net\/wp-content\/uploads\/2020\/08\/kitchenette-bureau-donomag-bralco-1-768x569.jpg 768w, http:\/\/lorrainemw.cluster020.hosting.ovh.net\/wp-content\/uploads\/2020\/08\/kitchenette-bureau-donomag-bralco-1.jpg 1080w\" sizes=\"(max-width: 1024px) 100vw, 1024px\" \/><\/a><\/figure><\/li><\/ul><\/figure>\n","protected":false},"excerpt":{"rendered":"<p>ESPACES ET DESIGN\u00c0 ce stade, il est naturel de demander \u00e0 quoi devrait ressembler une zone de rupture. Les \u00e9l\u00e9ments \u00e0 ne pas manquer sont une petite cuisine \u00e9quip\u00e9e, des tables basses, une table spacieuse, des tabourets hauts et quelques canap\u00e9s.<\/p>\n","protected":false},"author":1,"featured_media":0,"parent":0,"menu_order":0,"comment_status":"closed","ping_status":"closed","template":"page-full-width.php","meta":{"_monsterinsights_skip_tracking":false,"_monsterinsights_sitenote_active":false,"_monsterinsights_sitenote_note":"","_monsterinsights_sitenote_category":0},"_links":{"self":[{"href":"http:\/\/lorrainemw.cluster020.hosting.ovh.net\/index.php\/wp-json\/wp\/v2\/pages\/611"}],"collection":[{"href":"http:\/\/lorrainemw.cluster020.hosting.ovh.net\/index.php\/wp-json\/wp\/v2\/pages"}],"about":[{"href":"http:\/\/lorrainemw.cluster020.hosting.ovh.net\/index.php\/wp-json\/wp\/v2\/types\/page"}],"author":[{"embeddable":true,"href":"http:\/\/lorrainemw.cluster020.hosting.ovh.net\/index.php\/wp-json\/wp\/v2\/users\/1"}],"replies":[{"embeddable":true,"href":"http:\/\/lorrainemw.cluster020.hosting.ovh.net\/index.php\/wp-json\/wp\/v2\/comments?post=611"}],"version-history":[{"count":4,"href":"http:\/\/lorrainemw.cluster020.hosting.ovh.net\/index.php\/wp-json\/wp\/v2\/pages\/611\/revisions"}],"predecessor-version":[{"id":902,"href":"http:\/\/lorrainemw.cluster020.hosting.ovh.net\/index.php\/wp-json\/wp\/v2\/pages\/611\/revisions\/902"}],"wp:attachment":[{"href":"http:\/\/lorrainemw.cluster020.hosting.ovh.net\/index.php\/wp-json\/wp\/v2\/media?parent=611"}],"curies":[{"name":"wp","href":"https:\/\/api.w.org\/{rel}","templated":true}]}}