{"id":598,"date":"2020-07-16T20:20:20","date_gmt":"2020-07-16T18:20:20","guid":{"rendered":"http:\/\/lorrainemw.cluster020.hosting.ovh.net\/?page_id=598"},"modified":"2020-07-17T16:33:53","modified_gmt":"2020-07-17T14:33:53","slug":"bureau-ou-maison","status":"publish","type":"page","link":"http:\/\/lorrainemw.cluster020.hosting.ovh.net\/index.php\/bureau-ou-maison\/","title":{"rendered":"Bureau ou maison ?"},"content":{"rendered":"\n<p>Je vais trouver les meubles et la d\u00e9co de&nbsp;<em>bureau<\/em>&nbsp;adapt\u00e9s \u00e0 vos envies et vos besoins . Bien se sentir au bureau, c&#8217;est moins de stress, plus de collaboration<\/p>\n\n\n\n<figure class=\"wp-block-gallery columns-3 is-cropped\"><ul class=\"blocks-gallery-grid\"><li class=\"blocks-gallery-item\"><figure><a href=\"http:\/\/lorrainemw.cluster020.hosting.ovh.net\/wp-content\/uploads\/2020\/07\/midj-guapa-ct-l-1-1024x716.jpg\"><img loading=\"lazy\" width=\"1024\" height=\"716\" src=\"http:\/\/lorrainemw.cluster020.hosting.ovh.net\/wp-content\/uploads\/2020\/07\/midj-guapa-ct-l-1-1024x716.jpg\" alt=\"\" data-id=\"599\" data-link=\"http:\/\/lorrainemw.cluster020.hosting.ovh.net\/?attachment_id=599\" class=\"wp-image-599\" srcset=\"http:\/\/lorrainemw.cluster020.hosting.ovh.net\/wp-content\/uploads\/2020\/07\/midj-guapa-ct-l-1-1024x716.jpg 1024w, http:\/\/lorrainemw.cluster020.hosting.ovh.net\/wp-content\/uploads\/2020\/07\/midj-guapa-ct-l-1-300x210.jpg 300w, http:\/\/lorrainemw.cluster020.hosting.ovh.net\/wp-content\/uploads\/2020\/07\/midj-guapa-ct-l-1-768x537.jpg 768w, http:\/\/lorrainemw.cluster020.hosting.ovh.net\/wp-content\/uploads\/2020\/07\/midj-guapa-ct-l-1.jpg 1400w\" sizes=\"(max-width: 1024px) 100vw, 1024px\" \/><\/a><\/figure><\/li><li class=\"blocks-gallery-item\"><figure><a href=\"http:\/\/lorrainemw.cluster020.hosting.ovh.net\/wp-content\/uploads\/2020\/07\/midj-apelle-dondolo-1024x716.jpg\"><img loading=\"lazy\" width=\"1024\" height=\"716\" src=\"http:\/\/lorrainemw.cluster020.hosting.ovh.net\/wp-content\/uploads\/2020\/07\/midj-apelle-dondolo-1024x716.jpg\" alt=\"\" data-id=\"600\" data-link=\"http:\/\/lorrainemw.cluster020.hosting.ovh.net\/?attachment_id=600\" class=\"wp-image-600\" srcset=\"http:\/\/lorrainemw.cluster020.hosting.ovh.net\/wp-content\/uploads\/2020\/07\/midj-apelle-dondolo-1024x716.jpg 1024w, http:\/\/lorrainemw.cluster020.hosting.ovh.net\/wp-content\/uploads\/2020\/07\/midj-apelle-dondolo-300x210.jpg 300w, http:\/\/lorrainemw.cluster020.hosting.ovh.net\/wp-content\/uploads\/2020\/07\/midj-apelle-dondolo-768x537.jpg 768w, http:\/\/lorrainemw.cluster020.hosting.ovh.net\/wp-content\/uploads\/2020\/07\/midj-apelle-dondolo.jpg 1400w\" sizes=\"(max-width: 1024px) 100vw, 1024px\" \/><\/a><\/figure><\/li><li class=\"blocks-gallery-item\"><figure><a href=\"http:\/\/lorrainemw.cluster020.hosting.ovh.net\/wp-content\/uploads\/2020\/07\/midj-apelle-lounge.jpg\"><img loading=\"lazy\" width=\"1024\" height=\"716\" src=\"http:\/\/lorrainemw.cluster020.hosting.ovh.net\/wp-content\/uploads\/2020\/07\/midj-apelle-lounge-1024x716.jpg\" alt=\"\" data-id=\"601\" data-full-url=\"http:\/\/lorrainemw.cluster020.hosting.ovh.net\/wp-content\/uploads\/2020\/07\/midj-apelle-lounge.jpg\" data-link=\"http:\/\/lorrainemw.cluster020.hosting.ovh.net\/?attachment_id=601\" class=\"wp-image-601\" srcset=\"http:\/\/lorrainemw.cluster020.hosting.ovh.net\/wp-content\/uploads\/2020\/07\/midj-apelle-lounge-1024x716.jpg 1024w, http:\/\/lorrainemw.cluster020.hosting.ovh.net\/wp-content\/uploads\/2020\/07\/midj-apelle-lounge-300x210.jpg 300w, http:\/\/lorrainemw.cluster020.hosting.ovh.net\/wp-content\/uploads\/2020\/07\/midj-apelle-lounge-768x537.jpg 768w, http:\/\/lorrainemw.cluster020.hosting.ovh.net\/wp-content\/uploads\/2020\/07\/midj-apelle-lounge.jpg 1400w\" sizes=\"(max-width: 1024px) 100vw, 1024px\" \/><\/a><\/figure><\/li><\/ul><\/figure>\n\n\n\n<figure class=\"wp-block-gallery columns-2 is-cropped\"><ul class=\"blocks-gallery-grid\"><li class=\"blocks-gallery-item\"><figure><a href=\"http:\/\/lorrainemw.cluster020.hosting.ovh.net\/wp-content\/uploads\/2020\/07\/midj-guapa-dna-m-cu-3-1-1024x716.jpg\"><img loading=\"lazy\" width=\"1024\" height=\"716\" src=\"http:\/\/lorrainemw.cluster020.hosting.ovh.net\/wp-content\/uploads\/2020\/07\/midj-guapa-dna-m-cu-3-1-1024x716.jpg\" alt=\"\" data-id=\"636\" data-link=\"http:\/\/lorrainemw.cluster020.hosting.ovh.net\/index.php\/bureau-ou-maison\/midj-guapa-dna-m-cu-3-1\/\" class=\"wp-image-636\" srcset=\"http:\/\/lorrainemw.cluster020.hosting.ovh.net\/wp-content\/uploads\/2020\/07\/midj-guapa-dna-m-cu-3-1-1024x716.jpg 1024w, http:\/\/lorrainemw.cluster020.hosting.ovh.net\/wp-content\/uploads\/2020\/07\/midj-guapa-dna-m-cu-3-1-300x210.jpg 300w, http:\/\/lorrainemw.cluster020.hosting.ovh.net\/wp-content\/uploads\/2020\/07\/midj-guapa-dna-m-cu-3-1-768x537.jpg 768w, http:\/\/lorrainemw.cluster020.hosting.ovh.net\/wp-content\/uploads\/2020\/07\/midj-guapa-dna-m-cu-3-1.jpg 1400w\" sizes=\"(max-width: 1024px) 100vw, 1024px\" \/><\/a><\/figure><\/li><li class=\"blocks-gallery-item\"><figure><a href=\"http:\/\/lorrainemw.cluster020.hosting.ovh.net\/wp-content\/uploads\/2020\/07\/midj-guapa-dpa.jpg\"><img loading=\"lazy\" width=\"1024\" height=\"716\" src=\"http:\/\/lorrainemw.cluster020.hosting.ovh.net\/wp-content\/uploads\/2020\/07\/midj-guapa-dpa-1024x716.jpg\" alt=\"\" data-id=\"638\" data-full-url=\"http:\/\/lorrainemw.cluster020.hosting.ovh.net\/wp-content\/uploads\/2020\/07\/midj-guapa-dpa.jpg\" data-link=\"http:\/\/lorrainemw.cluster020.hosting.ovh.net\/index.php\/bureau-ou-maison\/midj-guapa-dpa\/\" class=\"wp-image-638\" srcset=\"http:\/\/lorrainemw.cluster020.hosting.ovh.net\/wp-content\/uploads\/2020\/07\/midj-guapa-dpa-1024x716.jpg 1024w, http:\/\/lorrainemw.cluster020.hosting.ovh.net\/wp-content\/uploads\/2020\/07\/midj-guapa-dpa-300x210.jpg 300w, http:\/\/lorrainemw.cluster020.hosting.ovh.net\/wp-content\/uploads\/2020\/07\/midj-guapa-dpa-768x537.jpg 768w, http:\/\/lorrainemw.cluster020.hosting.ovh.net\/wp-content\/uploads\/2020\/07\/midj-guapa-dpa.jpg 1400w\" sizes=\"(max-width: 1024px) 100vw, 1024px\" \/><\/a><\/figure><\/li><\/ul><\/figure>\n","protected":false},"excerpt":{"rendered":"<p>Je vais trouver les meubles et la d\u00e9co de&nbsp;bureau&nbsp;adapt\u00e9s \u00e0 vos envies et vos besoins . Bien se sentir au bureau, c&#8217;est moins de stress, plus de collaboration<\/p>\n","protected":false},"author":1,"featured_media":0,"parent":0,"menu_order":0,"comment_status":"closed","ping_status":"closed","template":"page-full-width.php","meta":{"_monsterinsights_skip_tracking":false,"_monsterinsights_sitenote_active":false,"_monsterinsights_sitenote_note":"","_monsterinsights_sitenote_category":0},"_links":{"self":[{"href":"http:\/\/lorrainemw.cluster020.hosting.ovh.net\/index.php\/wp-json\/wp\/v2\/pages\/598"}],"collection":[{"href":"http:\/\/lorrainemw.cluster020.hosting.ovh.net\/index.php\/wp-json\/wp\/v2\/pages"}],"about":[{"href":"http:\/\/lorrainemw.cluster020.hosting.ovh.net\/index.php\/wp-json\/wp\/v2\/types\/page"}],"author":[{"embeddable":true,"href":"http:\/\/lorrainemw.cluster020.hosting.ovh.net\/index.php\/wp-json\/wp\/v2\/users\/1"}],"replies":[{"embeddable":true,"href":"http:\/\/lorrainemw.cluster020.hosting.ovh.net\/index.php\/wp-json\/wp\/v2\/comments?post=598"}],"version-history":[{"count":3,"href":"http:\/\/lorrainemw.cluster020.hosting.ovh.net\/index.php\/wp-json\/wp\/v2\/pages\/598\/revisions"}],"predecessor-version":[{"id":639,"href":"http:\/\/lorrainemw.cluster020.hosting.ovh.net\/index.php\/wp-json\/wp\/v2\/pages\/598\/revisions\/639"}],"wp:attachment":[{"href":"http:\/\/lorrainemw.cluster020.hosting.ovh.net\/index.php\/wp-json\/wp\/v2\/media?parent=598"}],"curies":[{"name":"wp","href":"https:\/\/api.w.org\/{rel}","templated":true}]}}