{"id":509,"date":"2020-07-16T14:29:52","date_gmt":"2020-07-16T12:29:52","guid":{"rendered":"http:\/\/lorrainemw.cluster020.hosting.ovh.net\/?page_id=509"},"modified":"2020-08-07T11:04:21","modified_gmt":"2020-08-07T09:04:21","slug":"exterieur","status":"publish","type":"page","link":"http:\/\/lorrainemw.cluster020.hosting.ovh.net\/index.php\/exterieur\/","title":{"rendered":"Ext\u00e9rieur"},"content":{"rendered":"\n<h4>PROFITER DU PLEIN AIR<\/h4>\n\n\n\n<p>Gr\u00e2ce aux progr\u00e8s de la technologie, les espaces publics, qu&#8217;il s&#8217;agisse de parcs, de places ou de lieux int\u00e9rieurs comme les halls d&#8217;h\u00f4tel, les caf\u00e9s ou les espaces ext\u00e9rieurs jusqu&#8217;\u00e0 lors inutilis\u00e9s deviennent des espaces de travail. <strong>Les produits pr\u00e9sent\u00e9s ici sont parfaits pour travailler \u00e0 l&#8217;ext\u00e9rieur ou dans les espaces publics int\u00e9rieurs et aident les gens \u00e0 \u00eatre plus productifs, cr\u00e9atifs et plus heureux.<\/strong><\/p>\n\n\n\n<figure class=\"wp-block-gallery columns-2 is-cropped\"><ul class=\"blocks-gallery-grid\"><li class=\"blocks-gallery-item\"><figure><a href=\"http:\/\/lorrainemw.cluster020.hosting.ovh.net\/wp-content\/uploads\/2020\/07\/outdoor-3.jpg\"><img loading=\"lazy\" width=\"740\" height=\"416\" src=\"http:\/\/lorrainemw.cluster020.hosting.ovh.net\/wp-content\/uploads\/2020\/07\/outdoor-3.jpg\" alt=\"\" data-id=\"684\" data-link=\"http:\/\/lorrainemw.cluster020.hosting.ovh.net\/index.php\/exterieur\/outdoor-3\/\" class=\"wp-image-684\" srcset=\"http:\/\/lorrainemw.cluster020.hosting.ovh.net\/wp-content\/uploads\/2020\/07\/outdoor-3.jpg 740w, http:\/\/lorrainemw.cluster020.hosting.ovh.net\/wp-content\/uploads\/2020\/07\/outdoor-3-300x169.jpg 300w\" sizes=\"(max-width: 740px) 100vw, 740px\" \/><\/a><\/figure><\/li><li class=\"blocks-gallery-item\"><figure><a href=\"http:\/\/lorrainemw.cluster020.hosting.ovh.net\/wp-content\/uploads\/2020\/07\/outdoor-5-scaled.jpg\"><img loading=\"lazy\" width=\"1024\" height=\"745\" src=\"http:\/\/lorrainemw.cluster020.hosting.ovh.net\/wp-content\/uploads\/2020\/07\/outdoor-5-1024x745.jpg\" alt=\"\" data-id=\"686\" data-full-url=\"http:\/\/lorrainemw.cluster020.hosting.ovh.net\/wp-content\/uploads\/2020\/07\/outdoor-5-scaled.jpg\" data-link=\"http:\/\/lorrainemw.cluster020.hosting.ovh.net\/index.php\/exterieur\/outdoor-5\/\" class=\"wp-image-686\" srcset=\"http:\/\/lorrainemw.cluster020.hosting.ovh.net\/wp-content\/uploads\/2020\/07\/outdoor-5-1024x745.jpg 1024w, http:\/\/lorrainemw.cluster020.hosting.ovh.net\/wp-content\/uploads\/2020\/07\/outdoor-5-300x218.jpg 300w, http:\/\/lorrainemw.cluster020.hosting.ovh.net\/wp-content\/uploads\/2020\/07\/outdoor-5-768x559.jpg 768w, http:\/\/lorrainemw.cluster020.hosting.ovh.net\/wp-content\/uploads\/2020\/07\/outdoor-5-1536x1117.jpg 1536w, http:\/\/lorrainemw.cluster020.hosting.ovh.net\/wp-content\/uploads\/2020\/07\/outdoor-5-2048x1490.jpg 2048w\" sizes=\"(max-width: 1024px) 100vw, 1024px\" \/><\/a><\/figure><\/li><\/ul><\/figure>\n\n\n\n<figure class=\"wp-block-image size-large is-style-rounded\"><img loading=\"lazy\" width=\"780\" height=\"585\" src=\"http:\/\/lorrainemw.cluster020.hosting.ovh.net\/wp-content\/uploads\/2020\/08\/outdoor-4.jpg\" alt=\"\" class=\"wp-image-904\" srcset=\"http:\/\/lorrainemw.cluster020.hosting.ovh.net\/wp-content\/uploads\/2020\/08\/outdoor-4.jpg 780w, http:\/\/lorrainemw.cluster020.hosting.ovh.net\/wp-content\/uploads\/2020\/08\/outdoor-4-300x225.jpg 300w, http:\/\/lorrainemw.cluster020.hosting.ovh.net\/wp-content\/uploads\/2020\/08\/outdoor-4-768x576.jpg 768w\" sizes=\"(max-width: 780px) 100vw, 780px\" \/><\/figure>\n\n\n\n<p>Une \u00e9quipe profite des avantages du travail \u00e0 l&#8217;ext\u00e9rieur &#8211; productivit\u00e9 accrue, cr\u00e9ativit\u00e9 et bonheur ,<strong> l&#8217;espace de coworking en plein air<\/strong> est une opportunit\u00e9 pour valoriser les espaces ext\u00e9rieur perdus<\/p>\n\n\n\n<figure class=\"wp-block-gallery columns-2 is-cropped\"><ul class=\"blocks-gallery-grid\"><li class=\"blocks-gallery-item\"><figure><a href=\"http:\/\/lorrainemw.cluster020.hosting.ovh.net\/wp-content\/uploads\/2020\/07\/exterieur-1-1024x527.jpg\"><img loading=\"lazy\" width=\"1024\" height=\"527\" src=\"http:\/\/lorrainemw.cluster020.hosting.ovh.net\/wp-content\/uploads\/2020\/07\/exterieur-1-1024x527.jpg\" alt=\"\" data-id=\"674\" data-link=\"http:\/\/lorrainemw.cluster020.hosting.ovh.net\/index.php\/exterieur\/exterieur-1\/\" class=\"wp-image-674\" srcset=\"http:\/\/lorrainemw.cluster020.hosting.ovh.net\/wp-content\/uploads\/2020\/07\/exterieur-1-1024x527.jpg 1024w, http:\/\/lorrainemw.cluster020.hosting.ovh.net\/wp-content\/uploads\/2020\/07\/exterieur-1-300x155.jpg 300w, http:\/\/lorrainemw.cluster020.hosting.ovh.net\/wp-content\/uploads\/2020\/07\/exterieur-1-768x396.jpg 768w, http:\/\/lorrainemw.cluster020.hosting.ovh.net\/wp-content\/uploads\/2020\/07\/exterieur-1.jpg 1522w\" sizes=\"(max-width: 1024px) 100vw, 1024px\" \/><\/a><\/figure><\/li><li class=\"blocks-gallery-item\"><figure><a href=\"http:\/\/lorrainemw.cluster020.hosting.ovh.net\/wp-content\/uploads\/2020\/07\/outdoor-office.jpg\"><img loading=\"lazy\" width=\"630\" height=\"380\" src=\"http:\/\/lorrainemw.cluster020.hosting.ovh.net\/wp-content\/uploads\/2020\/07\/outdoor-office.jpg\" alt=\"\" data-id=\"678\" data-full-url=\"http:\/\/lorrainemw.cluster020.hosting.ovh.net\/wp-content\/uploads\/2020\/07\/outdoor-office.jpg\" data-link=\"http:\/\/lorrainemw.cluster020.hosting.ovh.net\/index.php\/exterieur\/outdoor-office\/\" class=\"wp-image-678\" srcset=\"http:\/\/lorrainemw.cluster020.hosting.ovh.net\/wp-content\/uploads\/2020\/07\/outdoor-office.jpg 630w, http:\/\/lorrainemw.cluster020.hosting.ovh.net\/wp-content\/uploads\/2020\/07\/outdoor-office-300x181.jpg 300w\" sizes=\"(max-width: 630px) 100vw, 630px\" \/><\/a><\/figure><\/li><\/ul><\/figure>\n\n\n\n<p>Une collection compl\u00e8te de tables et de chaises con\u00e7ues pour l\u2019ext\u00e9rieur comme pour l\u2019int\u00e9rieur. Des mat\u00e9riaux et finitions \u00e9tudi\u00e9s pour une grande r\u00e9sistance aux UV et aux intemp\u00e9ries.<\/p>\n\n\n\n<p><\/p>\n","protected":false},"excerpt":{"rendered":"<p>PROFITER DU PLEIN AIR Gr\u00e2ce aux progr\u00e8s de la technologie, les espaces publics, qu&#8217;il s&#8217;agisse de parcs, de places ou de lieux int\u00e9rieurs comme les halls d&#8217;h\u00f4tel, les caf\u00e9s ou les espaces ext\u00e9rieurs jusqu&#8217;\u00e0 lors inutilis\u00e9s deviennent des espaces de travail. Les produits pr\u00e9sent\u00e9s ici sont parfaits pour travailler \u00e0 l&#8217;ext\u00e9rieur ou dans les espaces [&hellip;]<\/p>\n","protected":false},"author":1,"featured_media":0,"parent":0,"menu_order":0,"comment_status":"closed","ping_status":"closed","template":"page-full-width.php","meta":{"_monsterinsights_skip_tracking":false,"_monsterinsights_sitenote_active":false,"_monsterinsights_sitenote_note":"","_monsterinsights_sitenote_category":0},"_links":{"self":[{"href":"http:\/\/lorrainemw.cluster020.hosting.ovh.net\/index.php\/wp-json\/wp\/v2\/pages\/509"}],"collection":[{"href":"http:\/\/lorrainemw.cluster020.hosting.ovh.net\/index.php\/wp-json\/wp\/v2\/pages"}],"about":[{"href":"http:\/\/lorrainemw.cluster020.hosting.ovh.net\/index.php\/wp-json\/wp\/v2\/types\/page"}],"author":[{"embeddable":true,"href":"http:\/\/lorrainemw.cluster020.hosting.ovh.net\/index.php\/wp-json\/wp\/v2\/users\/1"}],"replies":[{"embeddable":true,"href":"http:\/\/lorrainemw.cluster020.hosting.ovh.net\/index.php\/wp-json\/wp\/v2\/comments?post=509"}],"version-history":[{"count":6,"href":"http:\/\/lorrainemw.cluster020.hosting.ovh.net\/index.php\/wp-json\/wp\/v2\/pages\/509\/revisions"}],"predecessor-version":[{"id":905,"href":"http:\/\/lorrainemw.cluster020.hosting.ovh.net\/index.php\/wp-json\/wp\/v2\/pages\/509\/revisions\/905"}],"wp:attachment":[{"href":"http:\/\/lorrainemw.cluster020.hosting.ovh.net\/index.php\/wp-json\/wp\/v2\/media?parent=509"}],"curies":[{"name":"wp","href":"https:\/\/api.w.org\/{rel}","templated":true}]}}