{"id":43,"date":"2019-10-29T10:38:46","date_gmt":"2019-10-29T09:38:46","guid":{"rendered":"http:\/\/lorrainemw.cluster020.hosting.ovh.net\/?page_id=43"},"modified":"2020-07-16T19:37:39","modified_gmt":"2020-07-16T17:37:39","slug":"accessoires","status":"publish","type":"page","link":"http:\/\/lorrainemw.cluster020.hosting.ovh.net\/index.php\/accessoires\/","title":{"rendered":"Accessoires"},"content":{"rendered":"\n<h4>AUTOUR DU BUREAU<\/h4>\n\n\n\n<p>Luminaire, accessoire de bureau,corbeille de tri, portemanteau, panneau acoustique&#8230;s\u2019appliquent \u00e0 contribuer \u00e0 l\u2019ergonomie du poste de travail, garantissant ainsi \u00e0 chacun confort, fonctionnalit\u00e9 et flexibilit\u00e9.<\/p>\n\n\n\n<p>Un lieu pour tout, chaque chose a sa place: simplifier le quotidien en optimisant l&#8217;organisation du bureau pour plus de confort, plus d&#8217;efficacit\u00e9 &#8230; et moins de stress. <\/p>\n\n\n\n<figure class=\"wp-block-gallery columns-3 is-cropped\"><ul class=\"blocks-gallery-grid\"><li class=\"blocks-gallery-item\"><figure><a href=\"http:\/\/lorrainemw.cluster020.hosting.ovh.net\/wp-content\/uploads\/2020\/07\/clen-lum-1-1024x722.jpg\"><img loading=\"lazy\" width=\"1024\" height=\"722\" src=\"http:\/\/lorrainemw.cluster020.hosting.ovh.net\/wp-content\/uploads\/2020\/07\/clen-lum-1-1024x722.jpg\" alt=\"\" data-id=\"318\" data-link=\"http:\/\/lorrainemw.cluster020.hosting.ovh.net\/index.php\/accessoires\/clen-lum-1\/\" class=\"wp-image-318\" srcset=\"http:\/\/lorrainemw.cluster020.hosting.ovh.net\/wp-content\/uploads\/2020\/07\/clen-lum-1-1024x722.jpg 1024w, http:\/\/lorrainemw.cluster020.hosting.ovh.net\/wp-content\/uploads\/2020\/07\/clen-lum-1-300x211.jpg 300w, http:\/\/lorrainemw.cluster020.hosting.ovh.net\/wp-content\/uploads\/2020\/07\/clen-lum-1-768x541.jpg 768w, http:\/\/lorrainemw.cluster020.hosting.ovh.net\/wp-content\/uploads\/2020\/07\/clen-lum-1.jpg 1307w\" sizes=\"(max-width: 1024px) 100vw, 1024px\" \/><\/a><\/figure><\/li><li class=\"blocks-gallery-item\"><figure><a href=\"http:\/\/lorrainemw.cluster020.hosting.ovh.net\/wp-content\/uploads\/2020\/07\/Clen-acc-2.jpg\"><img loading=\"lazy\" width=\"701\" height=\"795\" src=\"http:\/\/lorrainemw.cluster020.hosting.ovh.net\/wp-content\/uploads\/2020\/07\/Clen-acc-2.jpg\" alt=\"\" data-id=\"325\" data-link=\"http:\/\/lorrainemw.cluster020.hosting.ovh.net\/index.php\/accessoires\/clen-acc-2\/\" class=\"wp-image-325\" srcset=\"http:\/\/lorrainemw.cluster020.hosting.ovh.net\/wp-content\/uploads\/2020\/07\/Clen-acc-2.jpg 701w, http:\/\/lorrainemw.cluster020.hosting.ovh.net\/wp-content\/uploads\/2020\/07\/Clen-acc-2-265x300.jpg 265w\" sizes=\"(max-width: 701px) 100vw, 701px\" \/><\/a><\/figure><\/li><li class=\"blocks-gallery-item\"><figure><a href=\"http:\/\/lorrainemw.cluster020.hosting.ovh.net\/wp-content\/uploads\/2020\/07\/clen-lum-2.jpg\"><img loading=\"lazy\" width=\"695\" height=\"688\" src=\"http:\/\/lorrainemw.cluster020.hosting.ovh.net\/wp-content\/uploads\/2020\/07\/clen-lum-2.jpg\" alt=\"\" data-id=\"319\" data-link=\"http:\/\/lorrainemw.cluster020.hosting.ovh.net\/index.php\/accessoires\/clen-lum-2\/\" class=\"wp-image-319\" srcset=\"http:\/\/lorrainemw.cluster020.hosting.ovh.net\/wp-content\/uploads\/2020\/07\/clen-lum-2.jpg 695w, http:\/\/lorrainemw.cluster020.hosting.ovh.net\/wp-content\/uploads\/2020\/07\/clen-lum-2-300x297.jpg 300w\" sizes=\"(max-width: 695px) 100vw, 695px\" \/><\/a><\/figure><\/li><li class=\"blocks-gallery-item\"><figure><a href=\"http:\/\/lorrainemw.cluster020.hosting.ovh.net\/wp-content\/uploads\/2020\/07\/Clen-acc-3.jpg\"><img loading=\"lazy\" width=\"1024\" height=\"481\" src=\"http:\/\/lorrainemw.cluster020.hosting.ovh.net\/wp-content\/uploads\/2020\/07\/Clen-acc-3-1024x481.jpg\" alt=\"\" data-id=\"329\" data-full-url=\"http:\/\/lorrainemw.cluster020.hosting.ovh.net\/wp-content\/uploads\/2020\/07\/Clen-acc-3.jpg\" data-link=\"http:\/\/lorrainemw.cluster020.hosting.ovh.net\/index.php\/accessoires\/clen-acc-3\/\" class=\"wp-image-329\" srcset=\"http:\/\/lorrainemw.cluster020.hosting.ovh.net\/wp-content\/uploads\/2020\/07\/Clen-acc-3-1024x481.jpg 1024w, http:\/\/lorrainemw.cluster020.hosting.ovh.net\/wp-content\/uploads\/2020\/07\/Clen-acc-3-300x141.jpg 300w, http:\/\/lorrainemw.cluster020.hosting.ovh.net\/wp-content\/uploads\/2020\/07\/Clen-acc-3-768x360.jpg 768w, http:\/\/lorrainemw.cluster020.hosting.ovh.net\/wp-content\/uploads\/2020\/07\/Clen-acc-3-1536x721.jpg 1536w, http:\/\/lorrainemw.cluster020.hosting.ovh.net\/wp-content\/uploads\/2020\/07\/Clen-acc-3.jpg 1907w\" sizes=\"(max-width: 1024px) 100vw, 1024px\" \/><\/a><\/figure><\/li><\/ul><\/figure>\n\n\n\n<figure class=\"wp-block-image size-large is-resized is-style-rounded\"><a href=\"https:\/\/www.manade.com\/en\/products.html\"><img loading=\"lazy\" src=\"http:\/\/lorrainemw.cluster020.hosting.ovh.net\/wp-content\/uploads\/2020\/07\/manade-logo.jpg\" alt=\"\" class=\"wp-image-388\" width=\"144\" height=\"97\" srcset=\"http:\/\/lorrainemw.cluster020.hosting.ovh.net\/wp-content\/uploads\/2020\/07\/manade-logo.jpg 445w, http:\/\/lorrainemw.cluster020.hosting.ovh.net\/wp-content\/uploads\/2020\/07\/manade-logo-300x202.jpg 300w\" sizes=\"(max-width: 144px) 100vw, 144px\" \/><\/a><figcaption><span class=\"has-inline-color has-luminous-vivid-amber-color\">En savoir plus : cliquez sur le logo<\/span><\/figcaption><\/figure>\n\n\n\n<p><\/p>\n","protected":false},"excerpt":{"rendered":"<p>AUTOUR DU BUREAU Luminaire, accessoire de bureau,corbeille de tri, portemanteau, panneau acoustique&#8230;s\u2019appliquent \u00e0 contribuer \u00e0 l\u2019ergonomie du poste de travail, garantissant ainsi \u00e0 chacun confort, fonctionnalit\u00e9 et flexibilit\u00e9. Un lieu pour tout, chaque chose a sa place: simplifier le quotidien en optimisant l&#8217;organisation du bureau pour plus de confort, plus d&#8217;efficacit\u00e9 &#8230; et moins de [&hellip;]<\/p>\n","protected":false},"author":1,"featured_media":0,"parent":0,"menu_order":0,"comment_status":"closed","ping_status":"closed","template":"page-full-width.php","meta":{"_monsterinsights_skip_tracking":false,"_monsterinsights_sitenote_active":false,"_monsterinsights_sitenote_note":"","_monsterinsights_sitenote_category":0},"_links":{"self":[{"href":"http:\/\/lorrainemw.cluster020.hosting.ovh.net\/index.php\/wp-json\/wp\/v2\/pages\/43"}],"collection":[{"href":"http:\/\/lorrainemw.cluster020.hosting.ovh.net\/index.php\/wp-json\/wp\/v2\/pages"}],"about":[{"href":"http:\/\/lorrainemw.cluster020.hosting.ovh.net\/index.php\/wp-json\/wp\/v2\/types\/page"}],"author":[{"embeddable":true,"href":"http:\/\/lorrainemw.cluster020.hosting.ovh.net\/index.php\/wp-json\/wp\/v2\/users\/1"}],"replies":[{"embeddable":true,"href":"http:\/\/lorrainemw.cluster020.hosting.ovh.net\/index.php\/wp-json\/wp\/v2\/comments?post=43"}],"version-history":[{"count":15,"href":"http:\/\/lorrainemw.cluster020.hosting.ovh.net\/index.php\/wp-json\/wp\/v2\/pages\/43\/revisions"}],"predecessor-version":[{"id":578,"href":"http:\/\/lorrainemw.cluster020.hosting.ovh.net\/index.php\/wp-json\/wp\/v2\/pages\/43\/revisions\/578"}],"wp:attachment":[{"href":"http:\/\/lorrainemw.cluster020.hosting.ovh.net\/index.php\/wp-json\/wp\/v2\/media?parent=43"}],"curies":[{"name":"wp","href":"https:\/\/api.w.org\/{rel}","templated":true}]}}