{"id":381,"date":"2020-07-15T16:47:23","date_gmt":"2020-07-15T14:47:23","guid":{"rendered":"http:\/\/lorrainemw.cluster020.hosting.ovh.net\/?page_id=381"},"modified":"2020-07-16T15:14:40","modified_gmt":"2020-07-16T13:14:40","slug":"a-propos","status":"publish","type":"page","link":"http:\/\/lorrainemw.cluster020.hosting.ovh.net\/index.php\/a-propos\/","title":{"rendered":"\u00e0 propos"},"content":{"rendered":"\n<h2>UN ACTEUR RECONNU<\/h2>\n\n\n\n<p class=\"has-text-align-left\">I. Profil G\u00e9n\u00e9ral de la soci\u00e9t\u00e9 Nom et raison sociale de la soci\u00e9t\u00e9<br>LORRAINE BUREAUX<br>118, Boulevard de la Rochelle<br>55000 BAR LE DUC<br>RCS : 879566933 00013<br>annie.lopez@softpowerhc.fr<br>Tel : 06.70.75.21.71<\/p>\n\n\n\n<p class=\"has-text-align-left\"><br>LORRAINE BUREAUX est une soci\u00e9t\u00e9 nouvellement install\u00e9e en Meuse, \u00e0 Bar le Duc.<br>Sa g\u00e9rante, apr\u00e8s 25 ans pass\u00e9s \u00e0 diriger une PME r\u00e9gionale de vente de mobilier et de fournitures de bureaux a c\u00e9d\u00e9 son entreprise \u00e0 un groupe.<\/p>\n\n\n\n<p class=\"has-text-align-left\"><br>Ce fut l\u2019occasion de changer de paradigme et de mettre toute son exp\u00e9rience, son r\u00e9seau, son savoir-faire aux services des professionnels et de institutions qui souhaitent voir l\u2019am\u00e9nagement de leur espace de travail \u00eatre responsable, humain, durable et agr\u00e9able pour tous les collaborateurs.<br>Cette expertise n\u00e9cessite une grande capacit\u00e9 \u00e0 analyser les besoins des utilisateurs finaux ainsi que ceux des donneurs d\u2019ordre.<\/p>\n\n\n\n<p><br>Le conseil en am\u00e9nagement de bureau coupl\u00e9 \u00e0 l\u2019exp\u00e9rience des grands chantiers offre ainsi aux donneurs d\u2019ordres un r\u00e9el choix dans leurs projets d\u2019am\u00e9nagement d\u2019espaces de travail.<\/p>\n\n\n\n<p><br>II. L\u2019organisation et les moyens humains<br><\/p>\n\n\n\n<p>a. L\u2019organisation pr\u00e9vue pour chacune des livraisons sur site.<br>LORRAINE BUREAUX organise et coordonne tous ses chantiers, les moyens mis en place sont toujours adapt\u00e9s \u00e0 la situation, au moment, aux exigences de ses donneurs d\u2019ordre.<\/p>\n\n\n\n<p><br>Ainsi LORRAINE BUREAUX, fait appel au prestataire le plus adapt\u00e9 \u00e0 chaque situation du chantier. La responsable de LORRAINE BUREAUX est toujours pr\u00e9sente lors des installations et des r\u00e9ceptions, elle valide et contr\u00f4le les op\u00e9rateurs et leurs collaborateurs avant et apr\u00e8s chaque intervention.<\/p>\n\n\n\n<p><\/p>\n\n\n\n<p>Cette exp\u00e9rience t\u00e9moigne aujourd\u2019hui de v\u00e9ritables exigences humaines et \u00e9conomiques, et permet ainsi de mener \u00e0 bien vos projets d\u2019am\u00e9nagement en vous garantissant des solutions pertinentes ainsi que des prestations de qualit\u00e9 dans une d\u00e9marche responsable.<\/p>\n\n\n\n<p><\/p>\n","protected":false},"excerpt":{"rendered":"<p>UN ACTEUR RECONNU I. Profil G\u00e9n\u00e9ral de la soci\u00e9t\u00e9 Nom et raison sociale de la soci\u00e9t\u00e9LORRAINE BUREAUX118, Boulevard de la Rochelle55000 BAR LE DUCRCS : 879566933 00013annie.lopez@softpowerhc.frTel : 06.70.75.21.71 LORRAINE BUREAUX est une soci\u00e9t\u00e9 nouvellement install\u00e9e en Meuse, \u00e0 Bar le Duc.Sa g\u00e9rante, apr\u00e8s 25 ans pass\u00e9s \u00e0 diriger une PME r\u00e9gionale de vente de [&hellip;]<\/p>\n","protected":false},"author":1,"featured_media":0,"parent":0,"menu_order":0,"comment_status":"closed","ping_status":"closed","template":"page-full-width.php","meta":{"_monsterinsights_skip_tracking":false,"_monsterinsights_sitenote_active":false,"_monsterinsights_sitenote_note":"","_monsterinsights_sitenote_category":0},"_links":{"self":[{"href":"http:\/\/lorrainemw.cluster020.hosting.ovh.net\/index.php\/wp-json\/wp\/v2\/pages\/381"}],"collection":[{"href":"http:\/\/lorrainemw.cluster020.hosting.ovh.net\/index.php\/wp-json\/wp\/v2\/pages"}],"about":[{"href":"http:\/\/lorrainemw.cluster020.hosting.ovh.net\/index.php\/wp-json\/wp\/v2\/types\/page"}],"author":[{"embeddable":true,"href":"http:\/\/lorrainemw.cluster020.hosting.ovh.net\/index.php\/wp-json\/wp\/v2\/users\/1"}],"replies":[{"embeddable":true,"href":"http:\/\/lorrainemw.cluster020.hosting.ovh.net\/index.php\/wp-json\/wp\/v2\/comments?post=381"}],"version-history":[{"count":6,"href":"http:\/\/lorrainemw.cluster020.hosting.ovh.net\/index.php\/wp-json\/wp\/v2\/pages\/381\/revisions"}],"predecessor-version":[{"id":552,"href":"http:\/\/lorrainemw.cluster020.hosting.ovh.net\/index.php\/wp-json\/wp\/v2\/pages\/381\/revisions\/552"}],"wp:attachment":[{"href":"http:\/\/lorrainemw.cluster020.hosting.ovh.net\/index.php\/wp-json\/wp\/v2\/media?parent=381"}],"curies":[{"name":"wp","href":"https:\/\/api.w.org\/{rel}","templated":true}]}}