{"id":26,"date":"2019-10-29T10:38:12","date_gmt":"2019-10-29T09:38:12","guid":{"rendered":"http:\/\/lorrainemw.cluster020.hosting.ovh.net\/?page_id=26"},"modified":"2021-04-05T18:44:02","modified_gmt":"2021-04-05T16:44:02","slug":"chaise-de-bureau","status":"publish","type":"page","link":"http:\/\/lorrainemw.cluster020.hosting.ovh.net\/index.php\/chaise-de-bureau\/","title":{"rendered":"Chaises et fauteuils de Bureau"},"content":{"rendered":"\n<p class=\"has-text-align-left\"><span class=\"has-inline-color has-black-color\">Mes clients cherchent le confort. Etre correctement assis(e) influe directement sur notre sant\u00e9. Le fauteuil doit \u00eatre adapt\u00e9 \u00e0 chaque morphologie, chaque situation de travail. J&#8217;ai choisi de proposer des si\u00e8ges et fauteuils r\u00e9put\u00e9s pour leur solidit\u00e9, leur confort, leur polyvalence. Sans rien sacrifier au design.<\/span><\/p>\n\n\n\n<figure class=\"wp-block-gallery columns-3 is-cropped\"><ul class=\"blocks-gallery-grid\"><li class=\"blocks-gallery-item\"><figure><a href=\"http:\/\/lorrainemw.cluster020.hosting.ovh.net\/wp-content\/uploads\/2020\/07\/siege-arum.jpg\"><img loading=\"lazy\" width=\"939\" height=\"939\" src=\"http:\/\/lorrainemw.cluster020.hosting.ovh.net\/wp-content\/uploads\/2020\/07\/siege-arum.jpg\" alt=\"\" data-id=\"195\" data-link=\"http:\/\/lorrainemw.cluster020.hosting.ovh.net\/index.php\/chaise-de-bureau\/siege-arum\/\" class=\"wp-image-195\" srcset=\"http:\/\/lorrainemw.cluster020.hosting.ovh.net\/wp-content\/uploads\/2020\/07\/siege-arum.jpg 939w, http:\/\/lorrainemw.cluster020.hosting.ovh.net\/wp-content\/uploads\/2020\/07\/siege-arum-300x300.jpg 300w, http:\/\/lorrainemw.cluster020.hosting.ovh.net\/wp-content\/uploads\/2020\/07\/siege-arum-150x150.jpg 150w, http:\/\/lorrainemw.cluster020.hosting.ovh.net\/wp-content\/uploads\/2020\/07\/siege-arum-768x768.jpg 768w\" sizes=\"(max-width: 939px) 100vw, 939px\" \/><\/a><\/figure><\/li><li class=\"blocks-gallery-item\"><figure><a href=\"http:\/\/lorrainemw.cluster020.hosting.ovh.net\/wp-content\/uploads\/2020\/07\/siege-akila.jpg\"><img loading=\"lazy\" width=\"833\" height=\"939\" src=\"http:\/\/lorrainemw.cluster020.hosting.ovh.net\/wp-content\/uploads\/2020\/07\/siege-akila.jpg\" alt=\"\" data-id=\"198\" data-link=\"http:\/\/lorrainemw.cluster020.hosting.ovh.net\/index.php\/chaise-de-bureau\/siege-akila\/\" class=\"wp-image-198\" srcset=\"http:\/\/lorrainemw.cluster020.hosting.ovh.net\/wp-content\/uploads\/2020\/07\/siege-akila.jpg 833w, http:\/\/lorrainemw.cluster020.hosting.ovh.net\/wp-content\/uploads\/2020\/07\/siege-akila-266x300.jpg 266w, http:\/\/lorrainemw.cluster020.hosting.ovh.net\/wp-content\/uploads\/2020\/07\/siege-akila-768x866.jpg 768w\" sizes=\"(max-width: 833px) 100vw, 833px\" \/><\/a><\/figure><\/li><li class=\"blocks-gallery-item\"><figure><a href=\"http:\/\/lorrainemw.cluster020.hosting.ovh.net\/wp-content\/uploads\/2020\/07\/siege-ultima.jpg\"><img loading=\"lazy\" width=\"759\" height=\"925\" src=\"http:\/\/lorrainemw.cluster020.hosting.ovh.net\/wp-content\/uploads\/2020\/07\/siege-ultima.jpg\" alt=\"\" data-id=\"199\" data-full-url=\"http:\/\/lorrainemw.cluster020.hosting.ovh.net\/wp-content\/uploads\/2020\/07\/siege-ultima.jpg\" data-link=\"http:\/\/lorrainemw.cluster020.hosting.ovh.net\/index.php\/chaise-de-bureau\/siege-ultima\/\" class=\"wp-image-199\" srcset=\"http:\/\/lorrainemw.cluster020.hosting.ovh.net\/wp-content\/uploads\/2020\/07\/siege-ultima.jpg 759w, http:\/\/lorrainemw.cluster020.hosting.ovh.net\/wp-content\/uploads\/2020\/07\/siege-ultima-246x300.jpg 246w\" sizes=\"(max-width: 759px) 100vw, 759px\" \/><\/a><\/figure><\/li><\/ul><\/figure>\n\n\n\n<p>Un fauteuil de direction doit \u00eatre confortable, agr\u00e9able et en harmonie avec votre environnement. Nous travaillons avec des fabricants fran\u00e7ais ou europ\u00e9ens respectueux  des utilisateurs , de leurs collaborateurs et de leurs sous- traitants.<\/p>\n\n\n\n<figure class=\"wp-block-image size-large\"><a href=\"http:\/\/lorrainemw.cluster020.hosting.ovh.net\/wp-content\/uploads\/2020\/07\/siege-inter-3-1.jpg\"><img loading=\"lazy\" width=\"1024\" height=\"435\" src=\"http:\/\/lorrainemw.cluster020.hosting.ovh.net\/wp-content\/uploads\/2020\/07\/siege-inter-3-1-1024x435.jpg\" alt=\"\" class=\"wp-image-207\" srcset=\"http:\/\/lorrainemw.cluster020.hosting.ovh.net\/wp-content\/uploads\/2020\/07\/siege-inter-3-1-1024x435.jpg 1024w, http:\/\/lorrainemw.cluster020.hosting.ovh.net\/wp-content\/uploads\/2020\/07\/siege-inter-3-1-300x127.jpg 300w, http:\/\/lorrainemw.cluster020.hosting.ovh.net\/wp-content\/uploads\/2020\/07\/siege-inter-3-1-768x326.jpg 768w, http:\/\/lorrainemw.cluster020.hosting.ovh.net\/wp-content\/uploads\/2020\/07\/siege-inter-3-1-1536x652.jpg 1536w, http:\/\/lorrainemw.cluster020.hosting.ovh.net\/wp-content\/uploads\/2020\/07\/siege-inter-3-1.jpg 1773w\" sizes=\"(max-width: 1024px) 100vw, 1024px\" \/><\/a><\/figure>\n\n\n\n<figure class=\"wp-block-gallery columns-3 is-cropped\"><ul class=\"blocks-gallery-grid\"><li class=\"blocks-gallery-item\"><figure><a href=\"http:\/\/lorrainemw.cluster020.hosting.ovh.net\/wp-content\/uploads\/2020\/07\/siege-inter-2.jpg\"><img loading=\"lazy\" width=\"581\" height=\"637\" src=\"http:\/\/lorrainemw.cluster020.hosting.ovh.net\/wp-content\/uploads\/2020\/07\/siege-inter-2.jpg\" alt=\"\" data-id=\"203\" data-link=\"http:\/\/lorrainemw.cluster020.hosting.ovh.net\/index.php\/chaise-de-bureau\/siege-inter-2\/\" class=\"wp-image-203\" srcset=\"http:\/\/lorrainemw.cluster020.hosting.ovh.net\/wp-content\/uploads\/2020\/07\/siege-inter-2.jpg 581w, http:\/\/lorrainemw.cluster020.hosting.ovh.net\/wp-content\/uploads\/2020\/07\/siege-inter-2-274x300.jpg 274w\" sizes=\"(max-width: 581px) 100vw, 581px\" \/><\/a><\/figure><\/li><li class=\"blocks-gallery-item\"><figure><a href=\"http:\/\/lorrainemw.cluster020.hosting.ovh.net\/wp-content\/uploads\/2020\/07\/siege-exe.jpg\"><img loading=\"lazy\" width=\"887\" height=\"969\" src=\"http:\/\/lorrainemw.cluster020.hosting.ovh.net\/wp-content\/uploads\/2020\/07\/siege-exe.jpg\" alt=\"\" data-id=\"206\" data-full-url=\"http:\/\/lorrainemw.cluster020.hosting.ovh.net\/wp-content\/uploads\/2020\/07\/siege-exe.jpg\" data-link=\"http:\/\/lorrainemw.cluster020.hosting.ovh.net\/index.php\/chaise-de-bureau\/siege-exe\/\" class=\"wp-image-206\" srcset=\"http:\/\/lorrainemw.cluster020.hosting.ovh.net\/wp-content\/uploads\/2020\/07\/siege-exe.jpg 887w, http:\/\/lorrainemw.cluster020.hosting.ovh.net\/wp-content\/uploads\/2020\/07\/siege-exe-275x300.jpg 275w, http:\/\/lorrainemw.cluster020.hosting.ovh.net\/wp-content\/uploads\/2020\/07\/siege-exe-768x839.jpg 768w\" sizes=\"(max-width: 887px) 100vw, 887px\" \/><\/a><\/figure><\/li><li class=\"blocks-gallery-item\"><figure><a href=\"http:\/\/lorrainemw.cluster020.hosting.ovh.net\/wp-content\/uploads\/2020\/07\/inters-faut-dir1.jpg\"><img loading=\"lazy\" width=\"582\" height=\"569\" src=\"http:\/\/lorrainemw.cluster020.hosting.ovh.net\/wp-content\/uploads\/2020\/07\/inters-faut-dir1.jpg\" alt=\"\" data-id=\"205\" data-link=\"http:\/\/lorrainemw.cluster020.hosting.ovh.net\/index.php\/chaise-de-bureau\/inters-faut-dir1\/\" class=\"wp-image-205\" srcset=\"http:\/\/lorrainemw.cluster020.hosting.ovh.net\/wp-content\/uploads\/2020\/07\/inters-faut-dir1.jpg 582w, http:\/\/lorrainemw.cluster020.hosting.ovh.net\/wp-content\/uploads\/2020\/07\/inters-faut-dir1-300x293.jpg 300w\" sizes=\"(max-width: 582px) 100vw, 582px\" \/><\/a><\/figure><\/li><\/ul><\/figure>\n\n\n\n<figure class=\"wp-block-image size-large is-resized\"><a href=\"https:\/\/www.columbia.fr\/sieges\/operatif\/\"><img loading=\"lazy\" src=\"http:\/\/lorrainemw.cluster020.hosting.ovh.net\/wp-content\/uploads\/2020\/07\/logo-clen-columbia-noir.png\" alt=\"\" class=\"wp-image-449\" width=\"266\" height=\"50\" srcset=\"http:\/\/lorrainemw.cluster020.hosting.ovh.net\/wp-content\/uploads\/2020\/07\/logo-clen-columbia-noir.png 692w, http:\/\/lorrainemw.cluster020.hosting.ovh.net\/wp-content\/uploads\/2020\/07\/logo-clen-columbia-noir-300x56.png 300w\" sizes=\"(max-width: 266px) 100vw, 266px\" \/><\/a><figcaption><span class=\"has-inline-color has-luminous-vivid-amber-color\">En savoir plus : cliquez sur le logo<\/span><\/figcaption><\/figure>\n","protected":false},"excerpt":{"rendered":"<p>Mes clients cherchent le confort. Etre correctement assis(e) influe directement sur notre sant\u00e9. Le fauteuil doit \u00eatre adapt\u00e9 \u00e0 chaque morphologie, chaque situation de travail. J&#8217;ai choisi de proposer des si\u00e8ges et fauteuils r\u00e9put\u00e9s pour leur solidit\u00e9, leur confort, leur polyvalence. Sans rien sacrifier au design. Un fauteuil de direction doit \u00eatre confortable, agr\u00e9able et [&hellip;]<\/p>\n","protected":false},"author":1,"featured_media":0,"parent":0,"menu_order":0,"comment_status":"closed","ping_status":"closed","template":"page-full-width.php","meta":{"_monsterinsights_skip_tracking":false,"_monsterinsights_sitenote_active":false,"_monsterinsights_sitenote_note":"","_monsterinsights_sitenote_category":0},"_links":{"self":[{"href":"http:\/\/lorrainemw.cluster020.hosting.ovh.net\/index.php\/wp-json\/wp\/v2\/pages\/26"}],"collection":[{"href":"http:\/\/lorrainemw.cluster020.hosting.ovh.net\/index.php\/wp-json\/wp\/v2\/pages"}],"about":[{"href":"http:\/\/lorrainemw.cluster020.hosting.ovh.net\/index.php\/wp-json\/wp\/v2\/types\/page"}],"author":[{"embeddable":true,"href":"http:\/\/lorrainemw.cluster020.hosting.ovh.net\/index.php\/wp-json\/wp\/v2\/users\/1"}],"replies":[{"embeddable":true,"href":"http:\/\/lorrainemw.cluster020.hosting.ovh.net\/index.php\/wp-json\/wp\/v2\/comments?post=26"}],"version-history":[{"count":19,"href":"http:\/\/lorrainemw.cluster020.hosting.ovh.net\/index.php\/wp-json\/wp\/v2\/pages\/26\/revisions"}],"predecessor-version":[{"id":1136,"href":"http:\/\/lorrainemw.cluster020.hosting.ovh.net\/index.php\/wp-json\/wp\/v2\/pages\/26\/revisions\/1136"}],"wp:attachment":[{"href":"http:\/\/lorrainemw.cluster020.hosting.ovh.net\/index.php\/wp-json\/wp\/v2\/media?parent=26"}],"curies":[{"name":"wp","href":"https:\/\/api.w.org\/{rel}","templated":true}]}}