{"id":257,"date":"2020-07-14T14:46:22","date_gmt":"2020-07-14T12:46:22","guid":{"rendered":"http:\/\/lorrainemw.cluster020.hosting.ovh.net\/?page_id=257"},"modified":"2020-07-16T16:42:43","modified_gmt":"2020-07-16T14:42:43","slug":"espaces-daccueil","status":"publish","type":"page","link":"http:\/\/lorrainemw.cluster020.hosting.ovh.net\/index.php\/espaces-daccueil\/","title":{"rendered":"Espaces d&#8217;accueil"},"content":{"rendered":"\n<p>L\u2019accueil se doit de repr\u00e9senter votre image :moderne et conviviale. Espace privil\u00e9gi\u00e9 de prise de contact et poste de travail \u00e0 part enti\u00e8re, je vous ai choisi est une gamme compl\u00e8te de banques d\u2019accueil qui vous autorise un grand nombre de configurations.<br>Chaque banque est r\u00e9alisable avec un accueil assis, conform\u00e9ment aux exigences r\u00e9glementaires.<\/p>\n\n\n\n<p><\/p>\n\n\n\n<figure class=\"wp-block-gallery columns-3 is-cropped\"><ul class=\"blocks-gallery-grid\"><li class=\"blocks-gallery-item\"><figure><a href=\"http:\/\/lorrainemw.cluster020.hosting.ovh.net\/wp-content\/uploads\/2020\/07\/slide_reception_07-2.jpg\"><img loading=\"lazy\" width=\"950\" height=\"550\" src=\"http:\/\/lorrainemw.cluster020.hosting.ovh.net\/wp-content\/uploads\/2020\/07\/slide_reception_07-2.jpg\" alt=\"\" data-id=\"263\" data-link=\"http:\/\/lorrainemw.cluster020.hosting.ovh.net\/index.php\/espaces-daccueil\/slide_reception_07-2\/\" class=\"wp-image-263\" srcset=\"http:\/\/lorrainemw.cluster020.hosting.ovh.net\/wp-content\/uploads\/2020\/07\/slide_reception_07-2.jpg 950w, http:\/\/lorrainemw.cluster020.hosting.ovh.net\/wp-content\/uploads\/2020\/07\/slide_reception_07-2-300x174.jpg 300w, http:\/\/lorrainemw.cluster020.hosting.ovh.net\/wp-content\/uploads\/2020\/07\/slide_reception_07-2-768x445.jpg 768w\" sizes=\"(max-width: 950px) 100vw, 950px\" \/><\/a><\/figure><\/li><li class=\"blocks-gallery-item\"><figure><a href=\"http:\/\/lorrainemw.cluster020.hosting.ovh.net\/wp-content\/uploads\/2020\/07\/banque-clen1-1-1024x715.jpg\"><img loading=\"lazy\" width=\"1024\" height=\"715\" src=\"http:\/\/lorrainemw.cluster020.hosting.ovh.net\/wp-content\/uploads\/2020\/07\/banque-clen1-1-1024x715.jpg\" alt=\"\" data-id=\"264\" data-link=\"http:\/\/lorrainemw.cluster020.hosting.ovh.net\/index.php\/espaces-daccueil\/banque-clen1-1\/\" class=\"wp-image-264\" srcset=\"http:\/\/lorrainemw.cluster020.hosting.ovh.net\/wp-content\/uploads\/2020\/07\/banque-clen1-1-1024x715.jpg 1024w, http:\/\/lorrainemw.cluster020.hosting.ovh.net\/wp-content\/uploads\/2020\/07\/banque-clen1-1-300x209.jpg 300w, http:\/\/lorrainemw.cluster020.hosting.ovh.net\/wp-content\/uploads\/2020\/07\/banque-clen1-1-768x536.jpg 768w, http:\/\/lorrainemw.cluster020.hosting.ovh.net\/wp-content\/uploads\/2020\/07\/banque-clen1-1.jpg 1311w\" sizes=\"(max-width: 1024px) 100vw, 1024px\" \/><\/a><\/figure><\/li><li class=\"blocks-gallery-item\"><figure><a href=\"http:\/\/lorrainemw.cluster020.hosting.ovh.net\/wp-content\/uploads\/2020\/07\/ADELIS-ambiance-B-P121-2.jpg\"><img loading=\"lazy\" width=\"1024\" height=\"732\" src=\"http:\/\/lorrainemw.cluster020.hosting.ovh.net\/wp-content\/uploads\/2020\/07\/ADELIS-ambiance-B-P121-2-1024x732.jpg\" alt=\"\" data-id=\"265\" data-full-url=\"http:\/\/lorrainemw.cluster020.hosting.ovh.net\/wp-content\/uploads\/2020\/07\/ADELIS-ambiance-B-P121-2.jpg\" data-link=\"http:\/\/lorrainemw.cluster020.hosting.ovh.net\/index.php\/espaces-daccueil\/adelis-ambiance-b-p121-2\/\" class=\"wp-image-265\" srcset=\"http:\/\/lorrainemw.cluster020.hosting.ovh.net\/wp-content\/uploads\/2020\/07\/ADELIS-ambiance-B-P121-2-1024x732.jpg 1024w, http:\/\/lorrainemw.cluster020.hosting.ovh.net\/wp-content\/uploads\/2020\/07\/ADELIS-ambiance-B-P121-2-300x214.jpg 300w, http:\/\/lorrainemw.cluster020.hosting.ovh.net\/wp-content\/uploads\/2020\/07\/ADELIS-ambiance-B-P121-2-768x549.jpg 768w, http:\/\/lorrainemw.cluster020.hosting.ovh.net\/wp-content\/uploads\/2020\/07\/ADELIS-ambiance-B-P121-2-1536x1097.jpg 1536w, http:\/\/lorrainemw.cluster020.hosting.ovh.net\/wp-content\/uploads\/2020\/07\/ADELIS-ambiance-B-P121-2.jpg 2000w\" sizes=\"(max-width: 1024px) 100vw, 1024px\" \/><\/a><\/figure><\/li><\/ul><\/figure>\n\n\n\n<h4>CONFORT ET ERGONOMIE : MA PRIORIT\u00c9<\/h4>\n\n\n\n<p>J&#8217;ai choisi afin de cr\u00e9er des espaces harmonieux et fonctionnel une collection compl\u00e8te adapt\u00e9e \u00e0 tous les espaces de l\u2019entreprise : Accueil, D\u00e9tente, R\u00e9union, Collectivit\u00e9, Bureau.<\/p>\n\n\n\n<figure class=\"wp-block-gallery columns-3 is-cropped\"><ul class=\"blocks-gallery-grid\"><li class=\"blocks-gallery-item\"><figure><a href=\"http:\/\/lorrainemw.cluster020.hosting.ovh.net\/wp-content\/uploads\/2020\/07\/img-midj1-684x1024.jpg\"><img loading=\"lazy\" width=\"684\" height=\"1024\" src=\"http:\/\/lorrainemw.cluster020.hosting.ovh.net\/wp-content\/uploads\/2020\/07\/img-midj1-684x1024.jpg\" alt=\"\" data-id=\"283\" data-link=\"http:\/\/lorrainemw.cluster020.hosting.ovh.net\/index.php\/espaces-daccueil\/img-midj1\/\" class=\"wp-image-283\" srcset=\"http:\/\/lorrainemw.cluster020.hosting.ovh.net\/wp-content\/uploads\/2020\/07\/img-midj1-684x1024.jpg 684w, http:\/\/lorrainemw.cluster020.hosting.ovh.net\/wp-content\/uploads\/2020\/07\/img-midj1-200x300.jpg 200w, http:\/\/lorrainemw.cluster020.hosting.ovh.net\/wp-content\/uploads\/2020\/07\/img-midj1-768x1150.jpg 768w, http:\/\/lorrainemw.cluster020.hosting.ovh.net\/wp-content\/uploads\/2020\/07\/img-midj1.jpg 935w\" sizes=\"(max-width: 684px) 100vw, 684px\" \/><\/a><\/figure><\/li><li class=\"blocks-gallery-item\"><figure><a href=\"http:\/\/lorrainemw.cluster020.hosting.ovh.net\/wp-content\/uploads\/2020\/07\/img-midj3-684x1024.jpg\"><img loading=\"lazy\" width=\"684\" height=\"1024\" src=\"http:\/\/lorrainemw.cluster020.hosting.ovh.net\/wp-content\/uploads\/2020\/07\/img-midj3-684x1024.jpg\" alt=\"\" data-id=\"284\" data-link=\"http:\/\/lorrainemw.cluster020.hosting.ovh.net\/index.php\/espaces-daccueil\/img-midj3\/\" class=\"wp-image-284\" srcset=\"http:\/\/lorrainemw.cluster020.hosting.ovh.net\/wp-content\/uploads\/2020\/07\/img-midj3-684x1024.jpg 684w, http:\/\/lorrainemw.cluster020.hosting.ovh.net\/wp-content\/uploads\/2020\/07\/img-midj3-200x300.jpg 200w, http:\/\/lorrainemw.cluster020.hosting.ovh.net\/wp-content\/uploads\/2020\/07\/img-midj3-768x1150.jpg 768w, http:\/\/lorrainemw.cluster020.hosting.ovh.net\/wp-content\/uploads\/2020\/07\/img-midj3.jpg 935w\" sizes=\"(max-width: 684px) 100vw, 684px\" \/><\/a><\/figure><\/li><li class=\"blocks-gallery-item\"><figure><a href=\"http:\/\/lorrainemw.cluster020.hosting.ovh.net\/wp-content\/uploads\/2020\/07\/img-midj2-scaled.jpg\"><img loading=\"lazy\" width=\"683\" height=\"1024\" src=\"http:\/\/lorrainemw.cluster020.hosting.ovh.net\/wp-content\/uploads\/2020\/07\/img-midj2-683x1024.jpg\" alt=\"\" data-id=\"285\" data-full-url=\"http:\/\/lorrainemw.cluster020.hosting.ovh.net\/wp-content\/uploads\/2020\/07\/img-midj2-scaled.jpg\" data-link=\"http:\/\/lorrainemw.cluster020.hosting.ovh.net\/index.php\/espaces-daccueil\/img-midj2\/\" class=\"wp-image-285\" srcset=\"http:\/\/lorrainemw.cluster020.hosting.ovh.net\/wp-content\/uploads\/2020\/07\/img-midj2-683x1024.jpg 683w, http:\/\/lorrainemw.cluster020.hosting.ovh.net\/wp-content\/uploads\/2020\/07\/img-midj2-200x300.jpg 200w, http:\/\/lorrainemw.cluster020.hosting.ovh.net\/wp-content\/uploads\/2020\/07\/img-midj2-768x1152.jpg 768w, http:\/\/lorrainemw.cluster020.hosting.ovh.net\/wp-content\/uploads\/2020\/07\/img-midj2-1024x1536.jpg 1024w, http:\/\/lorrainemw.cluster020.hosting.ovh.net\/wp-content\/uploads\/2020\/07\/img-midj2-1365x2048.jpg 1365w, http:\/\/lorrainemw.cluster020.hosting.ovh.net\/wp-content\/uploads\/2020\/07\/img-midj2-scaled.jpg 1707w\" sizes=\"(max-width: 683px) 100vw, 683px\" \/><\/a><\/figure><\/li><\/ul><\/figure>\n","protected":false},"excerpt":{"rendered":"<p>L\u2019accueil se doit de repr\u00e9senter votre image :moderne et conviviale. Espace privil\u00e9gi\u00e9 de prise de contact et poste de travail \u00e0 part enti\u00e8re, je vous ai choisi est une gamme compl\u00e8te de banques d\u2019accueil qui vous autorise un grand nombre de configurations.Chaque banque est r\u00e9alisable avec un accueil assis, conform\u00e9ment aux exigences r\u00e9glementaires. CONFORT ET [&hellip;]<\/p>\n","protected":false},"author":1,"featured_media":0,"parent":0,"menu_order":0,"comment_status":"closed","ping_status":"closed","template":"page-full-width.php","meta":{"_monsterinsights_skip_tracking":false,"_monsterinsights_sitenote_active":false,"_monsterinsights_sitenote_note":"","_monsterinsights_sitenote_category":0},"_links":{"self":[{"href":"http:\/\/lorrainemw.cluster020.hosting.ovh.net\/index.php\/wp-json\/wp\/v2\/pages\/257"}],"collection":[{"href":"http:\/\/lorrainemw.cluster020.hosting.ovh.net\/index.php\/wp-json\/wp\/v2\/pages"}],"about":[{"href":"http:\/\/lorrainemw.cluster020.hosting.ovh.net\/index.php\/wp-json\/wp\/v2\/types\/page"}],"author":[{"embeddable":true,"href":"http:\/\/lorrainemw.cluster020.hosting.ovh.net\/index.php\/wp-json\/wp\/v2\/users\/1"}],"replies":[{"embeddable":true,"href":"http:\/\/lorrainemw.cluster020.hosting.ovh.net\/index.php\/wp-json\/wp\/v2\/comments?post=257"}],"version-history":[{"count":11,"href":"http:\/\/lorrainemw.cluster020.hosting.ovh.net\/index.php\/wp-json\/wp\/v2\/pages\/257\/revisions"}],"predecessor-version":[{"id":555,"href":"http:\/\/lorrainemw.cluster020.hosting.ovh.net\/index.php\/wp-json\/wp\/v2\/pages\/257\/revisions\/555"}],"wp:attachment":[{"href":"http:\/\/lorrainemw.cluster020.hosting.ovh.net\/index.php\/wp-json\/wp\/v2\/media?parent=257"}],"curies":[{"name":"wp","href":"https:\/\/api.w.org\/{rel}","templated":true}]}}