{"id":175,"date":"2020-07-14T11:19:51","date_gmt":"2020-07-14T09:19:51","guid":{"rendered":"http:\/\/lorrainemw.cluster020.hosting.ovh.net\/?page_id=175"},"modified":"2021-04-05T18:42:27","modified_gmt":"2021-04-05T16:42:27","slug":"reunion-2","status":"publish","type":"page","link":"http:\/\/lorrainemw.cluster020.hosting.ovh.net\/index.php\/reunion-2\/","title":{"rendered":"R\u00e9union"},"content":{"rendered":"\n<p>Je suis maintenant persuad\u00e9e que la collaboration, l&#8217;\u00e9change sont essentiels \u00e0 la performance de l&#8217;entreprise, sa cr\u00e9ativit\u00e9, sa capacit\u00e9 \u00e0 innover et son bien \u00eatre social<\/p>\n\n\n\n<figure class=\"wp-block-gallery columns-3 is-cropped\"><ul class=\"blocks-gallery-grid\"><li class=\"blocks-gallery-item\"><figure><a href=\"http:\/\/lorrainemw.cluster020.hosting.ovh.net\/wp-content\/uploads\/2020\/07\/TakeOffEvolution_farm_04-1.jpg\"><img loading=\"lazy\" width=\"950\" height=\"580\" src=\"http:\/\/lorrainemw.cluster020.hosting.ovh.net\/wp-content\/uploads\/2020\/07\/TakeOffEvolution_farm_04-1.jpg\" alt=\"\" data-id=\"698\" data-link=\"http:\/\/lorrainemw.cluster020.hosting.ovh.net\/index.php\/reunion-2\/takeoffevolution_farm_04-1\/\" class=\"wp-image-698\" srcset=\"http:\/\/lorrainemw.cluster020.hosting.ovh.net\/wp-content\/uploads\/2020\/07\/TakeOffEvolution_farm_04-1.jpg 950w, http:\/\/lorrainemw.cluster020.hosting.ovh.net\/wp-content\/uploads\/2020\/07\/TakeOffEvolution_farm_04-1-300x183.jpg 300w, http:\/\/lorrainemw.cluster020.hosting.ovh.net\/wp-content\/uploads\/2020\/07\/TakeOffEvolution_farm_04-1-768x469.jpg 768w\" sizes=\"(max-width: 950px) 100vw, 950px\" \/><\/a><\/figure><\/li><li class=\"blocks-gallery-item\"><figure><a href=\"http:\/\/lorrainemw.cluster020.hosting.ovh.net\/wp-content\/uploads\/2020\/07\/table-de-reunion-fregate.jpg\"><img loading=\"lazy\" width=\"600\" height=\"600\" src=\"http:\/\/lorrainemw.cluster020.hosting.ovh.net\/wp-content\/uploads\/2020\/07\/table-de-reunion-fregate.jpg\" alt=\"\" data-id=\"700\" data-link=\"http:\/\/lorrainemw.cluster020.hosting.ovh.net\/index.php\/reunion-2\/table-de-reunion-fregate\/\" class=\"wp-image-700\" srcset=\"http:\/\/lorrainemw.cluster020.hosting.ovh.net\/wp-content\/uploads\/2020\/07\/table-de-reunion-fregate.jpg 600w, http:\/\/lorrainemw.cluster020.hosting.ovh.net\/wp-content\/uploads\/2020\/07\/table-de-reunion-fregate-300x300.jpg 300w, http:\/\/lorrainemw.cluster020.hosting.ovh.net\/wp-content\/uploads\/2020\/07\/table-de-reunion-fregate-150x150.jpg 150w\" sizes=\"(max-width: 600px) 100vw, 600px\" \/><\/a><\/figure><\/li><li class=\"blocks-gallery-item\"><figure><a href=\"http:\/\/lorrainemw.cluster020.hosting.ovh.net\/wp-content\/uploads\/2020\/07\/table-de-reunion-carree-aska-stratifie-antibacterien-photo-xlarge-b66f5.jpg\"><img loading=\"lazy\" width=\"530\" height=\"401\" src=\"http:\/\/lorrainemw.cluster020.hosting.ovh.net\/wp-content\/uploads\/2020\/07\/table-de-reunion-carree-aska-stratifie-antibacterien-photo-xlarge-b66f5.jpg\" alt=\"\" data-id=\"701\" data-full-url=\"http:\/\/lorrainemw.cluster020.hosting.ovh.net\/wp-content\/uploads\/2020\/07\/table-de-reunion-carree-aska-stratifie-antibacterien-photo-xlarge-b66f5.jpg\" data-link=\"http:\/\/lorrainemw.cluster020.hosting.ovh.net\/index.php\/reunion-2\/table-de-reunion-carree-aska-stratifie-antibacterien-photo-xlarge-b66f5\/\" class=\"wp-image-701\" srcset=\"http:\/\/lorrainemw.cluster020.hosting.ovh.net\/wp-content\/uploads\/2020\/07\/table-de-reunion-carree-aska-stratifie-antibacterien-photo-xlarge-b66f5.jpg 530w, http:\/\/lorrainemw.cluster020.hosting.ovh.net\/wp-content\/uploads\/2020\/07\/table-de-reunion-carree-aska-stratifie-antibacterien-photo-xlarge-b66f5-300x227.jpg 300w\" sizes=\"(max-width: 530px) 100vw, 530px\" \/><\/a><\/figure><\/li><\/ul><\/figure>\n\n\n\n<p>Les salles, les couloirs, les patios, et ces espaces particuliers repr\u00e9sentent pour moi, bien plus que des lieux de r\u00e9union. Ce sont des  espaces de partage, de cr\u00e9ativit\u00e9, d&#8217;\u00e9change. Cette r\u00e9alit\u00e9 est n\u00e9e du besoin des employ\u00e9s de communication et de co-conception dans les activit\u00e9s quotidiennes de chaque entreprise.<\/p>\n\n\n\n<figure class=\"wp-block-gallery columns-1 is-cropped\"><ul class=\"blocks-gallery-grid\"><li class=\"blocks-gallery-item\"><figure><a href=\"http:\/\/lorrainemw.cluster020.hosting.ovh.net\/wp-content\/uploads\/2021\/04\/midj-nexus-2-1024x716.jpg\"><img loading=\"lazy\" width=\"1024\" height=\"716\" src=\"http:\/\/lorrainemw.cluster020.hosting.ovh.net\/wp-content\/uploads\/2021\/04\/midj-nexus-2-1024x716.jpg\" alt=\"\" data-id=\"1130\" data-link=\"http:\/\/lorrainemw.cluster020.hosting.ovh.net\/index.php\/reunion-2\/midj-nexus-2\/\" class=\"wp-image-1130\" srcset=\"http:\/\/lorrainemw.cluster020.hosting.ovh.net\/wp-content\/uploads\/2021\/04\/midj-nexus-2-1024x716.jpg 1024w, http:\/\/lorrainemw.cluster020.hosting.ovh.net\/wp-content\/uploads\/2021\/04\/midj-nexus-2-300x210.jpg 300w, http:\/\/lorrainemw.cluster020.hosting.ovh.net\/wp-content\/uploads\/2021\/04\/midj-nexus-2-768x537.jpg 768w, http:\/\/lorrainemw.cluster020.hosting.ovh.net\/wp-content\/uploads\/2021\/04\/midj-nexus-2.jpg 1400w\" sizes=\"(max-width: 1024px) 100vw, 1024px\" \/><\/a><\/figure><\/li><\/ul><\/figure>\n\n\n\n<figure class=\"wp-block-image size-large is-style-rounded\"><img loading=\"lazy\" width=\"1024\" height=\"562\" src=\"http:\/\/lorrainemw.cluster020.hosting.ovh.net\/wp-content\/uploads\/2021\/04\/midj-pippi-1024x562.jpg\" alt=\"\" class=\"wp-image-1134\" srcset=\"http:\/\/lorrainemw.cluster020.hosting.ovh.net\/wp-content\/uploads\/2021\/04\/midj-pippi-1024x562.jpg 1024w, http:\/\/lorrainemw.cluster020.hosting.ovh.net\/wp-content\/uploads\/2021\/04\/midj-pippi-300x165.jpg 300w, http:\/\/lorrainemw.cluster020.hosting.ovh.net\/wp-content\/uploads\/2021\/04\/midj-pippi-768x421.jpg 768w, http:\/\/lorrainemw.cluster020.hosting.ovh.net\/wp-content\/uploads\/2021\/04\/midj-pippi.jpg 1385w\" sizes=\"(max-width: 1024px) 100vw, 1024px\" \/><\/figure>\n","protected":false},"excerpt":{"rendered":"<p>Je suis maintenant persuad\u00e9e que la collaboration, l&#8217;\u00e9change sont essentiels \u00e0 la performance de l&#8217;entreprise, sa cr\u00e9ativit\u00e9, sa capacit\u00e9 \u00e0 innover et son bien \u00eatre social Les salles, les couloirs, les patios, et ces espaces particuliers repr\u00e9sentent pour moi, bien plus que des lieux de r\u00e9union. Ce sont des espaces de partage, de cr\u00e9ativit\u00e9, d&#8217;\u00e9change. [&hellip;]<\/p>\n","protected":false},"author":1,"featured_media":0,"parent":0,"menu_order":0,"comment_status":"closed","ping_status":"closed","template":"page-full-width.php","meta":{"_monsterinsights_skip_tracking":false,"_monsterinsights_sitenote_active":false,"_monsterinsights_sitenote_note":"","_monsterinsights_sitenote_category":0},"_links":{"self":[{"href":"http:\/\/lorrainemw.cluster020.hosting.ovh.net\/index.php\/wp-json\/wp\/v2\/pages\/175"}],"collection":[{"href":"http:\/\/lorrainemw.cluster020.hosting.ovh.net\/index.php\/wp-json\/wp\/v2\/pages"}],"about":[{"href":"http:\/\/lorrainemw.cluster020.hosting.ovh.net\/index.php\/wp-json\/wp\/v2\/types\/page"}],"author":[{"embeddable":true,"href":"http:\/\/lorrainemw.cluster020.hosting.ovh.net\/index.php\/wp-json\/wp\/v2\/users\/1"}],"replies":[{"embeddable":true,"href":"http:\/\/lorrainemw.cluster020.hosting.ovh.net\/index.php\/wp-json\/wp\/v2\/comments?post=175"}],"version-history":[{"count":13,"href":"http:\/\/lorrainemw.cluster020.hosting.ovh.net\/index.php\/wp-json\/wp\/v2\/pages\/175\/revisions"}],"predecessor-version":[{"id":1135,"href":"http:\/\/lorrainemw.cluster020.hosting.ovh.net\/index.php\/wp-json\/wp\/v2\/pages\/175\/revisions\/1135"}],"wp:attachment":[{"href":"http:\/\/lorrainemw.cluster020.hosting.ovh.net\/index.php\/wp-json\/wp\/v2\/media?parent=175"}],"curies":[{"name":"wp","href":"https:\/\/api.w.org\/{rel}","templated":true}]}}