{"id":1186,"date":"2021-08-17T18:41:02","date_gmt":"2021-08-17T16:41:02","guid":{"rendered":"http:\/\/lorrainemw.cluster020.hosting.ovh.net\/?page_id=1186"},"modified":"2021-08-17T18:41:02","modified_gmt":"2021-08-17T16:41:02","slug":"nouveautes-2","status":"publish","type":"page","link":"http:\/\/lorrainemw.cluster020.hosting.ovh.net\/index.php\/nouveautes-2\/","title":{"rendered":"Nouveaut\u00e9s 2"},"content":{"rendered":"\n<figure class=\"wp-block-image size-large is-style-rounded\"><img loading=\"lazy\" width=\"1024\" height=\"683\" src=\"http:\/\/lorrainemw.cluster020.hosting.ovh.net\/wp-content\/uploads\/2021\/08\/vondom-2-1024x683.jpg\" alt=\"\" class=\"wp-image-1187\" srcset=\"http:\/\/lorrainemw.cluster020.hosting.ovh.net\/wp-content\/uploads\/2021\/08\/vondom-2-1024x683.jpg 1024w, http:\/\/lorrainemw.cluster020.hosting.ovh.net\/wp-content\/uploads\/2021\/08\/vondom-2-300x200.jpg 300w, http:\/\/lorrainemw.cluster020.hosting.ovh.net\/wp-content\/uploads\/2021\/08\/vondom-2-768x512.jpg 768w, http:\/\/lorrainemw.cluster020.hosting.ovh.net\/wp-content\/uploads\/2021\/08\/vondom-2-1536x1024.jpg 1536w, http:\/\/lorrainemw.cluster020.hosting.ovh.net\/wp-content\/uploads\/2021\/08\/vondom-2.jpg 1800w\" sizes=\"(max-width: 1024px) 100vw, 1024px\" \/><\/figure>\n\n\n\n<p>Ces lignes pures et simples et sa forme pyramidal nous portent \u00e0 un d\u00e9cor id\u00e9al pour se reposer, parler, m\u00e9diter, dormir ou tout simplement se d\u00e9tendre.<\/p>\n\n\n\n<figure class=\"wp-block-image size-large is-style-rounded\"><img loading=\"lazy\" width=\"1024\" height=\"512\" src=\"http:\/\/lorrainemw.cluster020.hosting.ovh.net\/wp-content\/uploads\/2021\/08\/meubles-pour-enfants-rosinante-eeroaarnio-vondom-2-1024x512.jpg\" alt=\"\" class=\"wp-image-1188\" srcset=\"http:\/\/lorrainemw.cluster020.hosting.ovh.net\/wp-content\/uploads\/2021\/08\/meubles-pour-enfants-rosinante-eeroaarnio-vondom-2-1024x512.jpg 1024w, http:\/\/lorrainemw.cluster020.hosting.ovh.net\/wp-content\/uploads\/2021\/08\/meubles-pour-enfants-rosinante-eeroaarnio-vondom-2-300x150.jpg 300w, http:\/\/lorrainemw.cluster020.hosting.ovh.net\/wp-content\/uploads\/2021\/08\/meubles-pour-enfants-rosinante-eeroaarnio-vondom-2-768x384.jpg 768w, http:\/\/lorrainemw.cluster020.hosting.ovh.net\/wp-content\/uploads\/2021\/08\/meubles-pour-enfants-rosinante-eeroaarnio-vondom-2-1536x768.jpg 1536w, http:\/\/lorrainemw.cluster020.hosting.ovh.net\/wp-content\/uploads\/2021\/08\/meubles-pour-enfants-rosinante-eeroaarnio-vondom-2.jpg 1600w\" sizes=\"(max-width: 1024px) 100vw, 1024px\" \/><\/figure>\n\n\n\n<p>Des carrousels et des grandes roues ont toujours fascin\u00e9 les enfants et adultes du monde entier. Voici un cheval \u00e0 bascule destin\u00e9 aux adultes comme aux enfants.\u00a0<\/p>\n\n\n\n<p><\/p>\n","protected":false},"excerpt":{"rendered":"<p>Ces lignes pures et simples et sa forme pyramidal nous portent \u00e0 un d\u00e9cor id\u00e9al pour se reposer, parler, m\u00e9diter, dormir ou tout simplement se d\u00e9tendre. Des carrousels et des grandes roues ont toujours fascin\u00e9 les enfants et adultes du monde entier. Voici un cheval \u00e0 bascule destin\u00e9 aux adultes comme aux enfants.\u00a0<\/p>\n","protected":false},"author":1,"featured_media":0,"parent":0,"menu_order":0,"comment_status":"closed","ping_status":"closed","template":"","meta":{"_monsterinsights_skip_tracking":false,"_monsterinsights_sitenote_active":false,"_monsterinsights_sitenote_note":"","_monsterinsights_sitenote_category":0},"_links":{"self":[{"href":"http:\/\/lorrainemw.cluster020.hosting.ovh.net\/index.php\/wp-json\/wp\/v2\/pages\/1186"}],"collection":[{"href":"http:\/\/lorrainemw.cluster020.hosting.ovh.net\/index.php\/wp-json\/wp\/v2\/pages"}],"about":[{"href":"http:\/\/lorrainemw.cluster020.hosting.ovh.net\/index.php\/wp-json\/wp\/v2\/types\/page"}],"author":[{"embeddable":true,"href":"http:\/\/lorrainemw.cluster020.hosting.ovh.net\/index.php\/wp-json\/wp\/v2\/users\/1"}],"replies":[{"embeddable":true,"href":"http:\/\/lorrainemw.cluster020.hosting.ovh.net\/index.php\/wp-json\/wp\/v2\/comments?post=1186"}],"version-history":[{"count":1,"href":"http:\/\/lorrainemw.cluster020.hosting.ovh.net\/index.php\/wp-json\/wp\/v2\/pages\/1186\/revisions"}],"predecessor-version":[{"id":1190,"href":"http:\/\/lorrainemw.cluster020.hosting.ovh.net\/index.php\/wp-json\/wp\/v2\/pages\/1186\/revisions\/1190"}],"wp:attachment":[{"href":"http:\/\/lorrainemw.cluster020.hosting.ovh.net\/index.php\/wp-json\/wp\/v2\/media?parent=1186"}],"curies":[{"name":"wp","href":"https:\/\/api.w.org\/{rel}","templated":true}]}}