{"id":1140,"date":"2021-08-17T16:29:26","date_gmt":"2021-08-17T14:29:26","guid":{"rendered":"http:\/\/lorrainemw.cluster020.hosting.ovh.net\/?page_id=1140"},"modified":"2021-08-17T17:07:07","modified_gmt":"2021-08-17T15:07:07","slug":"sieges-ergonomiques-professionnels-techniques-pour-lindustrie-ie-commerce-les-laboratoires","status":"publish","type":"page","link":"http:\/\/lorrainemw.cluster020.hosting.ovh.net\/index.php\/sieges-ergonomiques-professionnels-techniques-pour-lindustrie-ie-commerce-les-laboratoires\/","title":{"rendered":"Si\u00e8ges ergonomiques professionnels techniques pour l\u2019industrie, Ie commerce, les laboratoires."},"content":{"rendered":"\n<figure class=\"wp-block-gallery columns-3 is-cropped\"><ul class=\"blocks-gallery-grid\"><li class=\"blocks-gallery-item\"><figure><a href=\"http:\/\/lorrainemw.cluster020.hosting.ovh.net\/wp-content\/uploads\/2021\/08\/siege-ergo-1.jpg\"><img loading=\"lazy\" width=\"563\" height=\"933\" src=\"http:\/\/lorrainemw.cluster020.hosting.ovh.net\/wp-content\/uploads\/2021\/08\/siege-ergo-1.jpg\" alt=\"\" data-id=\"1146\" data-link=\"http:\/\/lorrainemw.cluster020.hosting.ovh.net\/index.php\/sieges-ergonomiques-professionnels-techniques-pour-lindustrie-ie-commerce-les-laboratoires\/siege-ergo-1\/\" class=\"wp-image-1146\" srcset=\"http:\/\/lorrainemw.cluster020.hosting.ovh.net\/wp-content\/uploads\/2021\/08\/siege-ergo-1.jpg 563w, http:\/\/lorrainemw.cluster020.hosting.ovh.net\/wp-content\/uploads\/2021\/08\/siege-ergo-1-181x300.jpg 181w\" sizes=\"(max-width: 563px) 100vw, 563px\" \/><\/a><\/figure><\/li><li class=\"blocks-gallery-item\"><figure><a href=\"http:\/\/lorrainemw.cluster020.hosting.ovh.net\/wp-content\/uploads\/2021\/08\/siege-ergo-2-549x1024.jpg\"><img loading=\"lazy\" width=\"549\" height=\"1024\" src=\"http:\/\/lorrainemw.cluster020.hosting.ovh.net\/wp-content\/uploads\/2021\/08\/siege-ergo-2-549x1024.jpg\" alt=\"\" data-id=\"1147\" data-link=\"http:\/\/lorrainemw.cluster020.hosting.ovh.net\/index.php\/sieges-ergonomiques-professionnels-techniques-pour-lindustrie-ie-commerce-les-laboratoires\/siege-ergo-2\/\" class=\"wp-image-1147\" srcset=\"http:\/\/lorrainemw.cluster020.hosting.ovh.net\/wp-content\/uploads\/2021\/08\/siege-ergo-2-549x1024.jpg 549w, http:\/\/lorrainemw.cluster020.hosting.ovh.net\/wp-content\/uploads\/2021\/08\/siege-ergo-2-161x300.jpg 161w, http:\/\/lorrainemw.cluster020.hosting.ovh.net\/wp-content\/uploads\/2021\/08\/siege-ergo-2.jpg 563w\" sizes=\"(max-width: 549px) 100vw, 549px\" \/><\/a><\/figure><\/li><li class=\"blocks-gallery-item\"><figure><a href=\"http:\/\/lorrainemw.cluster020.hosting.ovh.net\/wp-content\/uploads\/2021\/08\/siege-ergo-3.jpg\"><img loading=\"lazy\" width=\"809\" height=\"1024\" src=\"http:\/\/lorrainemw.cluster020.hosting.ovh.net\/wp-content\/uploads\/2021\/08\/siege-ergo-3-809x1024.jpg\" alt=\"\" data-id=\"1148\" data-full-url=\"http:\/\/lorrainemw.cluster020.hosting.ovh.net\/wp-content\/uploads\/2021\/08\/siege-ergo-3.jpg\" data-link=\"http:\/\/lorrainemw.cluster020.hosting.ovh.net\/index.php\/sieges-ergonomiques-professionnels-techniques-pour-lindustrie-ie-commerce-les-laboratoires\/siege-ergo-3\/\" class=\"wp-image-1148\" srcset=\"http:\/\/lorrainemw.cluster020.hosting.ovh.net\/wp-content\/uploads\/2021\/08\/siege-ergo-3-809x1024.jpg 809w, http:\/\/lorrainemw.cluster020.hosting.ovh.net\/wp-content\/uploads\/2021\/08\/siege-ergo-3-237x300.jpg 237w, http:\/\/lorrainemw.cluster020.hosting.ovh.net\/wp-content\/uploads\/2021\/08\/siege-ergo-3-768x972.jpg 768w, http:\/\/lorrainemw.cluster020.hosting.ovh.net\/wp-content\/uploads\/2021\/08\/siege-ergo-3.jpg 891w\" sizes=\"(max-width: 809px) 100vw, 809px\" \/><\/a><\/figure><\/li><\/ul><\/figure>\n\n\n\n<p>En fonction de la probl\u00e9matique et du cahier des charges identifi\u00e9s <strong>par les professionnels de sant\u00e9 au travail<\/strong>, notre fabricant analyse, con\u00e7oit, d\u00e9veloppe et fabrique des <strong>si\u00e8ges et fauteuils sur mesure<\/strong>, repose- jambes, appui-bras adapt\u00e9s, plans de travail et meubles sp\u00e9cifiques.<\/p>\n\n\n\n<p>Ces \u00e9changes nous permettent de d\u00e9velopper si\u00e8ges et fauteuils innovants qui contribuent au mieux-\u00eatre des patients utilisateurs pr\u00e9sentant notamment les pathologies suivantes : syndrome d\u2019Alcook, n\u00e9vralgies pudendales, douleurs post-accouchement, n\u00e9vralgies cluniales, pelvi-p\u00e9rin\u00e9ales, coccygodynies, lombalgies, cervicalgies, dorsalgies, douleurs sacr\u00e9es, discopathies, spondylarthrite, scoliose, scoliose cyphosique, proth\u00e9ses, port du corset\u2026<\/p>\n\n\n\n<p>Les liens ont toujours \u00e9t\u00e9 privil\u00e9gi\u00e9s avec les ergonomes, ergoth\u00e9rapeutes, kin\u00e9sith\u00e9rapeutes, m\u00e9decins et m\u00e9decins du travail, associations de malades (AFAP-NP), centres anti-douleurs et distributeurs professionnels<\/p>\n\n\n\n<figure class=\"wp-block-gallery columns-3 is-cropped\"><ul class=\"blocks-gallery-grid\"><li class=\"blocks-gallery-item\"><figure><a href=\"http:\/\/lorrainemw.cluster020.hosting.ovh.net\/wp-content\/uploads\/2021\/08\/siege-ergo-6.jpg\"><img loading=\"lazy\" width=\"557\" height=\"1024\" src=\"http:\/\/lorrainemw.cluster020.hosting.ovh.net\/wp-content\/uploads\/2021\/08\/siege-ergo-6-557x1024.jpg\" alt=\"\" data-id=\"1149\" data-full-url=\"http:\/\/lorrainemw.cluster020.hosting.ovh.net\/wp-content\/uploads\/2021\/08\/siege-ergo-6.jpg\" data-link=\"http:\/\/lorrainemw.cluster020.hosting.ovh.net\/index.php\/sieges-ergonomiques-professionnels-techniques-pour-lindustrie-ie-commerce-les-laboratoires\/siege-ergo-6\/\" class=\"wp-image-1149\" srcset=\"http:\/\/lorrainemw.cluster020.hosting.ovh.net\/wp-content\/uploads\/2021\/08\/siege-ergo-6-557x1024.jpg 557w, http:\/\/lorrainemw.cluster020.hosting.ovh.net\/wp-content\/uploads\/2021\/08\/siege-ergo-6-163x300.jpg 163w, http:\/\/lorrainemw.cluster020.hosting.ovh.net\/wp-content\/uploads\/2021\/08\/siege-ergo-6.jpg 623w\" sizes=\"(max-width: 557px) 100vw, 557px\" \/><\/a><\/figure><\/li><li class=\"blocks-gallery-item\"><figure><a href=\"http:\/\/lorrainemw.cluster020.hosting.ovh.net\/wp-content\/uploads\/2021\/08\/siege-ergo-5.jpg\"><img loading=\"lazy\" width=\"506\" height=\"752\" src=\"http:\/\/lorrainemw.cluster020.hosting.ovh.net\/wp-content\/uploads\/2021\/08\/siege-ergo-5.jpg\" alt=\"\" data-id=\"1150\" data-full-url=\"http:\/\/lorrainemw.cluster020.hosting.ovh.net\/wp-content\/uploads\/2021\/08\/siege-ergo-5.jpg\" data-link=\"http:\/\/lorrainemw.cluster020.hosting.ovh.net\/index.php\/sieges-ergonomiques-professionnels-techniques-pour-lindustrie-ie-commerce-les-laboratoires\/siege-ergo-5\/\" class=\"wp-image-1150\" srcset=\"http:\/\/lorrainemw.cluster020.hosting.ovh.net\/wp-content\/uploads\/2021\/08\/siege-ergo-5.jpg 506w, http:\/\/lorrainemw.cluster020.hosting.ovh.net\/wp-content\/uploads\/2021\/08\/siege-ergo-5-202x300.jpg 202w\" sizes=\"(max-width: 506px) 100vw, 506px\" \/><\/a><\/figure><\/li><li class=\"blocks-gallery-item\"><figure><a href=\"http:\/\/lorrainemw.cluster020.hosting.ovh.net\/wp-content\/uploads\/2021\/08\/siege-ergo-4.jpg\"><img loading=\"lazy\" width=\"569\" height=\"1024\" src=\"http:\/\/lorrainemw.cluster020.hosting.ovh.net\/wp-content\/uploads\/2021\/08\/siege-ergo-4-569x1024.jpg\" alt=\"\" data-id=\"1151\" data-full-url=\"http:\/\/lorrainemw.cluster020.hosting.ovh.net\/wp-content\/uploads\/2021\/08\/siege-ergo-4.jpg\" data-link=\"http:\/\/lorrainemw.cluster020.hosting.ovh.net\/index.php\/sieges-ergonomiques-professionnels-techniques-pour-lindustrie-ie-commerce-les-laboratoires\/siege-ergo-4\/\" class=\"wp-image-1151\" srcset=\"http:\/\/lorrainemw.cluster020.hosting.ovh.net\/wp-content\/uploads\/2021\/08\/siege-ergo-4-569x1024.jpg 569w, http:\/\/lorrainemw.cluster020.hosting.ovh.net\/wp-content\/uploads\/2021\/08\/siege-ergo-4-167x300.jpg 167w, http:\/\/lorrainemw.cluster020.hosting.ovh.net\/wp-content\/uploads\/2021\/08\/siege-ergo-4.jpg 630w\" sizes=\"(max-width: 569px) 100vw, 569px\" \/><\/a><\/figure><\/li><\/ul><\/figure>\n\n\n\n<p><\/p>\n","protected":false},"excerpt":{"rendered":"<p>En fonction de la probl\u00e9matique et du cahier des charges identifi\u00e9s par les professionnels de sant\u00e9 au travail, notre fabricant analyse, con\u00e7oit, d\u00e9veloppe et fabrique des si\u00e8ges et fauteuils sur mesure, repose- jambes, appui-bras adapt\u00e9s, plans de travail et meubles sp\u00e9cifiques. Ces \u00e9changes nous permettent de d\u00e9velopper si\u00e8ges et fauteuils innovants qui contribuent au mieux-\u00eatre [&hellip;]<\/p>\n","protected":false},"author":1,"featured_media":0,"parent":0,"menu_order":0,"comment_status":"closed","ping_status":"closed","template":"page-full-width.php","meta":{"_monsterinsights_skip_tracking":false,"_monsterinsights_sitenote_active":false,"_monsterinsights_sitenote_note":"","_monsterinsights_sitenote_category":0},"_links":{"self":[{"href":"http:\/\/lorrainemw.cluster020.hosting.ovh.net\/index.php\/wp-json\/wp\/v2\/pages\/1140"}],"collection":[{"href":"http:\/\/lorrainemw.cluster020.hosting.ovh.net\/index.php\/wp-json\/wp\/v2\/pages"}],"about":[{"href":"http:\/\/lorrainemw.cluster020.hosting.ovh.net\/index.php\/wp-json\/wp\/v2\/types\/page"}],"author":[{"embeddable":true,"href":"http:\/\/lorrainemw.cluster020.hosting.ovh.net\/index.php\/wp-json\/wp\/v2\/users\/1"}],"replies":[{"embeddable":true,"href":"http:\/\/lorrainemw.cluster020.hosting.ovh.net\/index.php\/wp-json\/wp\/v2\/comments?post=1140"}],"version-history":[{"count":5,"href":"http:\/\/lorrainemw.cluster020.hosting.ovh.net\/index.php\/wp-json\/wp\/v2\/pages\/1140\/revisions"}],"predecessor-version":[{"id":1165,"href":"http:\/\/lorrainemw.cluster020.hosting.ovh.net\/index.php\/wp-json\/wp\/v2\/pages\/1140\/revisions\/1165"}],"wp:attachment":[{"href":"http:\/\/lorrainemw.cluster020.hosting.ovh.net\/index.php\/wp-json\/wp\/v2\/media?parent=1140"}],"curies":[{"name":"wp","href":"https:\/\/api.w.org\/{rel}","templated":true}]}}