{"id":1107,"date":"2021-04-05T18:11:58","date_gmt":"2021-04-05T16:11:58","guid":{"rendered":"http:\/\/lorrainemw.cluster020.hosting.ovh.net\/?page_id=1107"},"modified":"2021-04-05T18:20:12","modified_gmt":"2021-04-05T16:20:12","slug":"biliotheques","status":"publish","type":"page","link":"http:\/\/lorrainemw.cluster020.hosting.ovh.net\/index.php\/biliotheques\/","title":{"rendered":"Biblioth\u00e8ques"},"content":{"rendered":"\n<p>Biblioth\u00e8que murale avec structure en acier. \u00c9tag\u00e8res en bois. En option: tiroirs en cuir. La collection de biblioth\u00e8ques est compos\u00e9e de trois autres mod\u00e8les de hauteur diff\u00e9rente, allant d\u2019un tiroir \u00e0 quatre.<\/p>\n\n\n\n<figure class=\"wp-block-gallery columns-1 is-cropped\"><ul class=\"blocks-gallery-grid\"><li class=\"blocks-gallery-item\"><figure><a href=\"http:\/\/lorrainemw.cluster020.hosting.ovh.net\/?attachment_id=1111\"><img loading=\"lazy\" width=\"592\" height=\"717\" src=\"http:\/\/lorrainemw.cluster020.hosting.ovh.net\/wp-content\/uploads\/2021\/04\/midj-apelle-etageres-1.jpg\" alt=\"\" data-id=\"1111\" data-full-url=\"http:\/\/lorrainemw.cluster020.hosting.ovh.net\/wp-content\/uploads\/2021\/04\/midj-apelle-etageres-1.jpg\" data-link=\"http:\/\/lorrainemw.cluster020.hosting.ovh.net\/?attachment_id=1111\" class=\"wp-image-1111\" srcset=\"http:\/\/lorrainemw.cluster020.hosting.ovh.net\/wp-content\/uploads\/2021\/04\/midj-apelle-etageres-1.jpg 592w, http:\/\/lorrainemw.cluster020.hosting.ovh.net\/wp-content\/uploads\/2021\/04\/midj-apelle-etageres-1-248x300.jpg 248w\" sizes=\"(max-width: 592px) 100vw, 592px\" \/><\/a><\/figure><\/li><\/ul><\/figure>\n\n\n\n<p>Biblioth\u00e8ques de design capables de s&#8217;adapter \u00e0 diff\u00e9rents espaces, de mettre de l&#8217;ordre et de montrer les objets que vous aimez. <\/p>\n\n\n\n<figure class=\"wp-block-gallery columns-2 is-cropped\"><ul class=\"blocks-gallery-grid\"><li class=\"blocks-gallery-item\"><figure><a href=\"http:\/\/lorrainemw.cluster020.hosting.ovh.net\/?attachment_id=1109\"><img loading=\"lazy\" width=\"226\" height=\"300\" src=\"http:\/\/lorrainemw.cluster020.hosting.ovh.net\/wp-content\/uploads\/2021\/04\/midj-apelle-etageres-2-226x300.jpg\" alt=\"\" data-id=\"1109\" data-link=\"http:\/\/lorrainemw.cluster020.hosting.ovh.net\/?attachment_id=1109\" class=\"wp-image-1109\" srcset=\"http:\/\/lorrainemw.cluster020.hosting.ovh.net\/wp-content\/uploads\/2021\/04\/midj-apelle-etageres-2-226x300.jpg 226w, http:\/\/lorrainemw.cluster020.hosting.ovh.net\/wp-content\/uploads\/2021\/04\/midj-apelle-etageres-2.jpg 590w\" sizes=\"(max-width: 226px) 100vw, 226px\" \/><\/a><\/figure><\/li><li class=\"blocks-gallery-item\"><figure><a href=\"http:\/\/lorrainemw.cluster020.hosting.ovh.net\/?attachment_id=1110\"><img loading=\"lazy\" width=\"253\" height=\"300\" src=\"http:\/\/lorrainemw.cluster020.hosting.ovh.net\/wp-content\/uploads\/2021\/04\/midj-apelle-etageres-3-253x300.jpg\" alt=\"\" data-id=\"1110\" data-full-url=\"http:\/\/lorrainemw.cluster020.hosting.ovh.net\/wp-content\/uploads\/2021\/04\/midj-apelle-etageres-3.jpg\" data-link=\"http:\/\/lorrainemw.cluster020.hosting.ovh.net\/?attachment_id=1110\" class=\"wp-image-1110\" srcset=\"http:\/\/lorrainemw.cluster020.hosting.ovh.net\/wp-content\/uploads\/2021\/04\/midj-apelle-etageres-3-253x300.jpg 253w, http:\/\/lorrainemw.cluster020.hosting.ovh.net\/wp-content\/uploads\/2021\/04\/midj-apelle-etageres-3.jpg 659w\" sizes=\"(max-width: 253px) 100vw, 253px\" \/><\/a><\/figure><\/li><\/ul><\/figure>\n","protected":false},"excerpt":{"rendered":"<p>Biblioth\u00e8que murale avec structure en acier. \u00c9tag\u00e8res en bois. En option: tiroirs en cuir. La collection de biblioth\u00e8ques est compos\u00e9e de trois autres mod\u00e8les de hauteur diff\u00e9rente, allant d\u2019un tiroir \u00e0 quatre. Biblioth\u00e8ques de design capables de s&#8217;adapter \u00e0 diff\u00e9rents espaces, de mettre de l&#8217;ordre et de montrer les objets que vous aimez.<\/p>\n","protected":false},"author":1,"featured_media":0,"parent":0,"menu_order":0,"comment_status":"closed","ping_status":"closed","template":"page-full-width.php","meta":{"_monsterinsights_skip_tracking":false,"_monsterinsights_sitenote_active":false,"_monsterinsights_sitenote_note":"","_monsterinsights_sitenote_category":0},"_links":{"self":[{"href":"http:\/\/lorrainemw.cluster020.hosting.ovh.net\/index.php\/wp-json\/wp\/v2\/pages\/1107"}],"collection":[{"href":"http:\/\/lorrainemw.cluster020.hosting.ovh.net\/index.php\/wp-json\/wp\/v2\/pages"}],"about":[{"href":"http:\/\/lorrainemw.cluster020.hosting.ovh.net\/index.php\/wp-json\/wp\/v2\/types\/page"}],"author":[{"embeddable":true,"href":"http:\/\/lorrainemw.cluster020.hosting.ovh.net\/index.php\/wp-json\/wp\/v2\/users\/1"}],"replies":[{"embeddable":true,"href":"http:\/\/lorrainemw.cluster020.hosting.ovh.net\/index.php\/wp-json\/wp\/v2\/comments?post=1107"}],"version-history":[{"count":2,"href":"http:\/\/lorrainemw.cluster020.hosting.ovh.net\/index.php\/wp-json\/wp\/v2\/pages\/1107\/revisions"}],"predecessor-version":[{"id":1119,"href":"http:\/\/lorrainemw.cluster020.hosting.ovh.net\/index.php\/wp-json\/wp\/v2\/pages\/1107\/revisions\/1119"}],"wp:attachment":[{"href":"http:\/\/lorrainemw.cluster020.hosting.ovh.net\/index.php\/wp-json\/wp\/v2\/media?parent=1107"}],"curies":[{"name":"wp","href":"https:\/\/api.w.org\/{rel}","templated":true}]}}