{"id":1036,"date":"2020-12-31T15:19:41","date_gmt":"2020-12-31T14:19:41","guid":{"rendered":"http:\/\/lorrainemw.cluster020.hosting.ovh.net\/?page_id=1036"},"modified":"2021-08-17T18:42:53","modified_gmt":"2021-08-17T16:42:53","slug":"design","status":"publish","type":"page","link":"http:\/\/lorrainemw.cluster020.hosting.ovh.net\/index.php\/design\/","title":{"rendered":"design"},"content":{"rendered":"\n<p>Parce que le fauteuil est aussi un \u00e9l\u00e9ment de d\u00e9coration<\/p>\n\n\n\n<figure class=\"wp-block-gallery columns-3 is-cropped\"><ul class=\"blocks-gallery-grid\"><li class=\"blocks-gallery-item\"><figure><a href=\"http:\/\/lorrainemw.cluster020.hosting.ovh.net\/wp-content\/uploads\/2020\/12\/img-siege2-1024x683.jpg\"><img loading=\"lazy\" width=\"1024\" height=\"683\" src=\"http:\/\/lorrainemw.cluster020.hosting.ovh.net\/wp-content\/uploads\/2020\/12\/img-siege2-1024x683.jpg\" alt=\"\" data-id=\"1037\" data-link=\"http:\/\/lorrainemw.cluster020.hosting.ovh.net\/?attachment_id=1037\" class=\"wp-image-1037\" srcset=\"http:\/\/lorrainemw.cluster020.hosting.ovh.net\/wp-content\/uploads\/2020\/12\/img-siege2-1024x683.jpg 1024w, http:\/\/lorrainemw.cluster020.hosting.ovh.net\/wp-content\/uploads\/2020\/12\/img-siege2-300x200.jpg 300w, http:\/\/lorrainemw.cluster020.hosting.ovh.net\/wp-content\/uploads\/2020\/12\/img-siege2-768x512.jpg 768w, http:\/\/lorrainemw.cluster020.hosting.ovh.net\/wp-content\/uploads\/2020\/12\/img-siege2.jpg 1200w\" sizes=\"(max-width: 1024px) 100vw, 1024px\" \/><\/a><\/figure><\/li><li class=\"blocks-gallery-item\"><figure><a href=\"http:\/\/lorrainemw.cluster020.hosting.ovh.net\/wp-content\/uploads\/2020\/12\/img-siege1-1024x512.jpg\"><img loading=\"lazy\" width=\"1024\" height=\"512\" src=\"http:\/\/lorrainemw.cluster020.hosting.ovh.net\/wp-content\/uploads\/2020\/12\/img-siege1-1024x512.jpg\" alt=\"\" data-id=\"1038\" data-link=\"http:\/\/lorrainemw.cluster020.hosting.ovh.net\/?attachment_id=1038\" class=\"wp-image-1038\" srcset=\"http:\/\/lorrainemw.cluster020.hosting.ovh.net\/wp-content\/uploads\/2020\/12\/img-siege1-1024x512.jpg 1024w, http:\/\/lorrainemw.cluster020.hosting.ovh.net\/wp-content\/uploads\/2020\/12\/img-siege1-300x150.jpg 300w, http:\/\/lorrainemw.cluster020.hosting.ovh.net\/wp-content\/uploads\/2020\/12\/img-siege1-768x384.jpg 768w, http:\/\/lorrainemw.cluster020.hosting.ovh.net\/wp-content\/uploads\/2020\/12\/img-siege1-1536x768.jpg 1536w, http:\/\/lorrainemw.cluster020.hosting.ovh.net\/wp-content\/uploads\/2020\/12\/img-siege1.jpg 1600w\" sizes=\"(max-width: 1024px) 100vw, 1024px\" \/><\/a><\/figure><\/li><li class=\"blocks-gallery-item\"><figure><a href=\"http:\/\/lorrainemw.cluster020.hosting.ovh.net\/wp-content\/uploads\/2021\/08\/kimono-vondom-chaise-1.jpg\"><img loading=\"lazy\" width=\"800\" height=\"907\" src=\"http:\/\/lorrainemw.cluster020.hosting.ovh.net\/wp-content\/uploads\/2021\/08\/kimono-vondom-chaise-1.jpg\" alt=\"\" data-id=\"1194\" data-full-url=\"http:\/\/lorrainemw.cluster020.hosting.ovh.net\/wp-content\/uploads\/2021\/08\/kimono-vondom-chaise-1.jpg\" data-link=\"http:\/\/lorrainemw.cluster020.hosting.ovh.net\/index.php\/design\/kimono-vondom-chaise-1\/\" class=\"wp-image-1194\" srcset=\"http:\/\/lorrainemw.cluster020.hosting.ovh.net\/wp-content\/uploads\/2021\/08\/kimono-vondom-chaise-1.jpg 800w, http:\/\/lorrainemw.cluster020.hosting.ovh.net\/wp-content\/uploads\/2021\/08\/kimono-vondom-chaise-1-265x300.jpg 265w, http:\/\/lorrainemw.cluster020.hosting.ovh.net\/wp-content\/uploads\/2021\/08\/kimono-vondom-chaise-1-768x871.jpg 768w\" sizes=\"(max-width: 800px) 100vw, 800px\" \/><\/a><\/figure><\/li><\/ul><\/figure>\n\n\n\n<p><\/p>\n","protected":false},"excerpt":{"rendered":"<p>Parce que le fauteuil est aussi un \u00e9l\u00e9ment de d\u00e9coration<\/p>\n","protected":false},"author":1,"featured_media":0,"parent":0,"menu_order":0,"comment_status":"closed","ping_status":"closed","template":"page-full-width.php","meta":{"_monsterinsights_skip_tracking":false,"_monsterinsights_sitenote_active":false,"_monsterinsights_sitenote_note":"","_monsterinsights_sitenote_category":0},"_links":{"self":[{"href":"http:\/\/lorrainemw.cluster020.hosting.ovh.net\/index.php\/wp-json\/wp\/v2\/pages\/1036"}],"collection":[{"href":"http:\/\/lorrainemw.cluster020.hosting.ovh.net\/index.php\/wp-json\/wp\/v2\/pages"}],"about":[{"href":"http:\/\/lorrainemw.cluster020.hosting.ovh.net\/index.php\/wp-json\/wp\/v2\/types\/page"}],"author":[{"embeddable":true,"href":"http:\/\/lorrainemw.cluster020.hosting.ovh.net\/index.php\/wp-json\/wp\/v2\/users\/1"}],"replies":[{"embeddable":true,"href":"http:\/\/lorrainemw.cluster020.hosting.ovh.net\/index.php\/wp-json\/wp\/v2\/comments?post=1036"}],"version-history":[{"count":2,"href":"http:\/\/lorrainemw.cluster020.hosting.ovh.net\/index.php\/wp-json\/wp\/v2\/pages\/1036\/revisions"}],"predecessor-version":[{"id":1195,"href":"http:\/\/lorrainemw.cluster020.hosting.ovh.net\/index.php\/wp-json\/wp\/v2\/pages\/1036\/revisions\/1195"}],"wp:attachment":[{"href":"http:\/\/lorrainemw.cluster020.hosting.ovh.net\/index.php\/wp-json\/wp\/v2\/media?parent=1036"}],"curies":[{"name":"wp","href":"https:\/\/api.w.org\/{rel}","templated":true}]}}